{"id":1501,"date":"2022-05-10T10:57:16","date_gmt":"2022-05-10T07:57:16","guid":{"rendered":"https:\/\/avestim.com\/despre-noi\/"},"modified":"2022-05-24T10:48:54","modified_gmt":"2022-05-24T07:48:54","slug":"despre-noi","status":"publish","type":"page","link":"https:\/\/avestim.com\/ro\/despre-noi\/","title":{"rendered":"Despre noi"},"content":{"rendered":"\t\t<div data-elementor-type=\"wp-page\" data-elementor-id=\"1501\" class=\"elementor elementor-1501 elementor-958\" data-elementor-post-type=\"page\">\n\t\t\t\t\t\t<section class=\"elementor-section elementor-top-section elementor-element elementor-element-aaca39f elementor-section-height-min-height elementor-section-boxed elementor-section-height-default elementor-section-items-middle\" data-id=\"aaca39f\" data-element_type=\"section\" data-e-type=\"section\" data-settings=\"{&quot;background_background&quot;:&quot;classic&quot;}\">\n\t\t\t\t\t\t<div class=\"elementor-container elementor-column-gap-no\">\n\t\t\t\t\t<div class=\"elementor-column elementor-col-50 elementor-top-column elementor-element elementor-element-71d8944\" data-id=\"71d8944\" data-element_type=\"column\" data-e-type=\"column\">\n\t\t\t<div class=\"elementor-widget-wrap elementor-element-populated\">\n\t\t\t\t\t\t<div class=\"elementor-element elementor-element-8f1a18e elementor--h-position-left elementor--v-position-middle elementor-pagination-position-inside elementor-widget elementor-widget-slides\" data-id=\"8f1a18e\" data-element_type=\"widget\" data-e-type=\"widget\" data-settings=\"{&quot;navigation&quot;:&quot;dots&quot;,&quot;autoplay_speed&quot;:100000,&quot;transition_speed&quot;:1000,&quot;autoplay&quot;:&quot;yes&quot;,&quot;pause_on_hover&quot;:&quot;yes&quot;,&quot;pause_on_interaction&quot;:&quot;yes&quot;,&quot;infinite&quot;:&quot;yes&quot;,&quot;transition&quot;:&quot;slide&quot;}\" data-widget_type=\"slides.default\">\n\t\t\t\t<div class=\"elementor-widget-container\">\n\t\t\t\t\t\t\t\t\t<div class=\"elementor-swiper\">\n\t\t\t\t\t<div class=\"elementor-slides-wrapper elementor-main-swiper swiper\" role=\"region\" aria-roledescription=\"carousel\" aria-label=\"Slides\" dir=\"ltr\" data-animation=\"fadeInUp\">\n\t\t\t\t<div class=\"swiper-wrapper elementor-slides\">\n\t\t\t\t\t\t\t\t\t\t<div class=\"elementor-repeater-item-c13e9e8 swiper-slide\" role=\"group\" aria-roledescription=\"slide\"><div class=\"swiper-slide-bg\"><\/div><div class=\"swiper-slide-inner\" ><div class=\"swiper-slide-contents\"><div class=\"elementor-slide-heading\"><b>DESPRE NOI<\/b><\/div><div class=\"elementor-slide-description\">Suntem o companie de dezvoltare electronic\u0103 din Rom\u00e2nia, cu misiunea de a realiza prototipuri personalizate pentru siguran\u021ba afacerii dumneavoastr\u0103.<\/div><\/div><\/div><\/div>\t\t\t\t<\/div>\n\t\t\t\t\t\t\t<\/div>\n\t\t\t\t<\/div>\n\t\t\t\t\t\t\t\t<\/div>\n\t\t\t\t<\/div>\n\t\t\t\t\t<\/div>\n\t\t<\/div>\n\t\t\t\t<div class=\"elementor-column elementor-col-50 elementor-top-column elementor-element elementor-element-280d9c7\" data-id=\"280d9c7\" data-element_type=\"column\" data-e-type=\"column\">\n\t\t\t<div class=\"elementor-widget-wrap\">\n\t\t\t\t\t\t\t<\/div>\n\t\t<\/div>\n\t\t\t\t\t<\/div>\n\t\t<\/section>\n\t\t\t\t<section class=\"elementor-section elementor-top-section elementor-element elementor-element-c7fd940 elementor-section-boxed elementor-section-height-default elementor-section-height-default\" data-id=\"c7fd940\" data-element_type=\"section\" data-e-type=\"section\" data-settings=\"{&quot;background_background&quot;:&quot;classic&quot;}\">\n\t\t\t\t\t\t<div class=\"elementor-container elementor-column-gap-default\">\n\t\t\t\t\t<div class=\"elementor-column elementor-col-50 elementor-top-column elementor-element elementor-element-3d40361\" data-id=\"3d40361\" data-element_type=\"column\" data-e-type=\"column\">\n\t\t\t<div class=\"elementor-widget-wrap elementor-element-populated\">\n\t\t\t\t\t\t<div class=\"elementor-element elementor-element-2086b8d elementor-widget elementor-widget-heading\" data-id=\"2086b8d\" data-element_type=\"widget\" data-e-type=\"widget\" data-widget_type=\"heading.default\">\n\t\t\t\t<div class=\"elementor-widget-container\">\n\t\t\t\t\t<h2 class=\"elementor-heading-title elementor-size-default\">Despre noi<\/h2>\t\t\t\t<\/div>\n\t\t\t\t<\/div>\n\t\t\t\t<div class=\"elementor-element elementor-element-54b93b6 elementor-widget elementor-widget-text-editor\" data-id=\"54b93b6\" data-element_type=\"widget\" data-e-type=\"widget\" data-widget_type=\"text-editor.default\">\n\t\t\t\t<div class=\"elementor-widget-container\">\n\t\t\t\t\t\t\t\t\tVenim \u00een ajutorul persoanelor fizice \u0219i juridice cu dezvolt\u0103rii \u0219i solu\u021bii inteligente create pentru prevenirea \u0219i combaterea posibilelor atacuri de hacking.\r\n\r\n&nbsp;\r\n\r\nCu o experien\u021b\u0103 de peste 14 ani \u00een securitatea digital\u0103, putem afirma c\u0103 expertiza noastr\u0103 ne ofer\u0103 un mare avantaj \u00een domeniul dezvolt\u0103rii hardware, robotic\u0103 \u0219i de re\u021belistic\u0103. Avem cuno\u0219tin\u021be atent amplificate \u00een studiul inteligen\u021bei artificiale, astfel fiecare proiect \u0219i angajament pe care ni-l asum\u0103m fa\u021b\u0103 de clien\u021bii no\u0219tri va primi \u00eentreaga noastr\u0103 dedicare.\t\t\t\t\t\t\t\t<\/div>\n\t\t\t\t<\/div>\n\t\t\t\t\t<\/div>\n\t\t<\/div>\n\t\t\t\t<div class=\"elementor-column elementor-col-50 elementor-top-column elementor-element elementor-element-4744ee3\" data-id=\"4744ee3\" data-element_type=\"column\" data-e-type=\"column\">\n\t\t\t<div class=\"elementor-widget-wrap elementor-element-populated\">\n\t\t\t\t\t\t<div class=\"elementor-element elementor-element-5d26382 elementor-widget elementor-widget-image\" data-id=\"5d26382\" data-element_type=\"widget\" data-e-type=\"widget\" data-widget_type=\"image.default\">\n\t\t\t\t<div class=\"elementor-widget-container\">\n\t\t\t\t\t\t\t\t\t\t\t\t\t\t\t<img fetchpriority=\"high\" decoding=\"async\" width=\"622\" height=\"633\" src=\"https:\/\/avestim.com\/wp-content\/uploads\/2022\/05\/despreNoi.png\" class=\"attachment-large size-large wp-image-1455\" alt=\"Servicii de securitate\" srcset=\"https:\/\/avestim.com\/wp-content\/uploads\/2022\/05\/despreNoi.png 622w, https:\/\/avestim.com\/wp-content\/uploads\/2022\/05\/despreNoi-295x300.png 295w\" sizes=\"(max-width: 622px) 100vw, 622px\" \/>\t\t\t\t\t\t\t\t\t\t\t\t\t\t\t<\/div>\n\t\t\t\t<\/div>\n\t\t\t\t\t<\/div>\n\t\t<\/div>\n\t\t\t\t\t<\/div>\n\t\t<\/section>\n\t\t\t\t<section class=\"elementor-section elementor-top-section elementor-element elementor-element-b02470d elementor-reverse-mobile elementor-section-boxed elementor-section-height-default elementor-section-height-default\" data-id=\"b02470d\" data-element_type=\"section\" data-e-type=\"section\" data-settings=\"{&quot;background_background&quot;:&quot;classic&quot;}\">\n\t\t\t\t\t\t<div class=\"elementor-container elementor-column-gap-default\">\n\t\t\t\t\t<div class=\"elementor-column elementor-col-50 elementor-top-column elementor-element elementor-element-b1d4c82\" data-id=\"b1d4c82\" data-element_type=\"column\" data-e-type=\"column\">\n\t\t\t<div class=\"elementor-widget-wrap elementor-element-populated\">\n\t\t\t\t\t\t<div class=\"elementor-element elementor-element-012a138 elementor-widget elementor-widget-image\" data-id=\"012a138\" data-element_type=\"widget\" data-e-type=\"widget\" data-widget_type=\"image.default\">\n\t\t\t\t<div class=\"elementor-widget-container\">\n\t\t\t\t\t\t\t\t\t\t\t\t\t\t\t<img decoding=\"async\" width=\"322\" height=\"350\" src=\"https:\/\/avestim.com\/wp-content\/uploads\/2022\/05\/expertiza.png\" class=\"attachment-large size-large wp-image-1456\" alt=\"\" srcset=\"https:\/\/avestim.com\/wp-content\/uploads\/2022\/05\/expertiza.png 322w, https:\/\/avestim.com\/wp-content\/uploads\/2022\/05\/expertiza-276x300.png 276w\" sizes=\"(max-width: 322px) 100vw, 322px\" \/>\t\t\t\t\t\t\t\t\t\t\t\t\t\t\t<\/div>\n\t\t\t\t<\/div>\n\t\t\t\t\t<\/div>\n\t\t<\/div>\n\t\t\t\t<div class=\"elementor-column elementor-col-50 elementor-top-column elementor-element elementor-element-c86d2e6\" data-id=\"c86d2e6\" data-element_type=\"column\" data-e-type=\"column\">\n\t\t\t<div class=\"elementor-widget-wrap elementor-element-populated\">\n\t\t\t\t\t\t<div class=\"elementor-element elementor-element-d552a15 elementor-widget elementor-widget-heading\" data-id=\"d552a15\" data-element_type=\"widget\" data-e-type=\"widget\" data-widget_type=\"heading.default\">\n\t\t\t\t<div class=\"elementor-widget-container\">\n\t\t\t\t\t<h2 class=\"elementor-heading-title elementor-size-default\">De ce Avestim Software?<\/h2>\t\t\t\t<\/div>\n\t\t\t\t<\/div>\n\t\t\t\t<div class=\"elementor-element elementor-element-707ddad elementor-widget elementor-widget-text-editor\" data-id=\"707ddad\" data-element_type=\"widget\" data-e-type=\"widget\" data-widget_type=\"text-editor.default\">\n\t\t\t\t<div class=\"elementor-widget-container\">\n\t\t\t\t\t\t\t\t\tDe\u0219i activitatea ampl\u0103 pe care am avut-o ne-a \u00eembun\u0103t\u0103\u021bit cuno\u0219tin\u021bele de-a lungul timpului, consider\u0103m c\u0103 \u00eenv\u0103\u021barea nu are niciodat\u0103 sf\u00e2r\u0219it \u00een domeniul tehnologiei. Dup\u0103 \u00eendeplinirea fiec\u0103rei noi provoc\u0103ri, r\u0103m\u00e2nem cu o experien\u021b\u0103 \u0219i mai vast\u0103, ceea ce ne perfec\u021bioneaz\u0103 munca.\r\n\r\n&nbsp;\r\n\r\n\u0218tim c\u0103 un profesionist \u00een securitate are nevoie de o tehnicitate bine conturat\u0103, acesta fiind un domeniu bogat \u0219i \u00een continu\u0103 dezvoltare. Ne form\u0103m echipa din exper\u021bi care pot defini calitatea serviciilor noastre la cel mai \u00eenalt nivel prezent.\r\n\r\nNe place s\u0103 cre\u0103m siguran\u021b\u0103 pentru cei care aleg s\u0103 lucreze cu noi, o certitudine pentru afacerea lor, \u0219i o convingere ferm\u0103 c\u0103 domeniul digital poate fi un loc ap\u0103rat de amenin\u021b\u0103ri \u0219i atacuri.\t\t\t\t\t\t\t\t<\/div>\n\t\t\t\t<\/div>\n\t\t\t\t<div class=\"elementor-element elementor-element-1577a0e elementor-widget elementor-widget-heading\" data-id=\"1577a0e\" data-element_type=\"widget\" data-e-type=\"widget\" data-widget_type=\"heading.default\">\n\t\t\t\t<div class=\"elementor-widget-container\">\n\t\t\t\t\t<h4 class=\"elementor-heading-title elementor-size-default\">Preven\u021bia este mult mai pu\u021bin costisitoare dec\u00e2t tratarea!<\/h4>\t\t\t\t<\/div>\n\t\t\t\t<\/div>\n\t\t\t\t\t<\/div>\n\t\t<\/div>\n\t\t\t\t\t<\/div>\n\t\t<\/section>\n\t\t\t\t<section class=\"elementor-section elementor-top-section elementor-element elementor-element-8d3ef99 elementor-section-boxed elementor-section-height-default elementor-section-height-default\" data-id=\"8d3ef99\" data-element_type=\"section\" data-e-type=\"section\" data-settings=\"{&quot;background_background&quot;:&quot;classic&quot;}\">\n\t\t\t\t\t\t<div class=\"elementor-container elementor-column-gap-default\">\n\t\t\t\t\t<div class=\"elementor-column elementor-col-100 elementor-top-column elementor-element elementor-element-f0b6b5b\" data-id=\"f0b6b5b\" data-element_type=\"column\" data-e-type=\"column\" data-settings=\"{&quot;background_background&quot;:&quot;classic&quot;}\">\n\t\t\t<div class=\"elementor-widget-wrap elementor-element-populated\">\n\t\t\t\t\t\t<div class=\"elementor-element elementor-element-23b9c8c elementor-widget elementor-widget-heading\" data-id=\"23b9c8c\" data-element_type=\"widget\" data-e-type=\"widget\" data-widget_type=\"heading.default\">\n\t\t\t\t<div class=\"elementor-widget-container\">\n\t\t\t\t\t<h2 class=\"elementor-heading-title elementor-size-default\">Servicii<\/h2>\t\t\t\t<\/div>\n\t\t\t\t<\/div>\n\t\t\t\t<section class=\"elementor-section elementor-inner-section elementor-element elementor-element-3c54b3d elementor-section-boxed elementor-section-height-default elementor-section-height-default\" data-id=\"3c54b3d\" data-element_type=\"section\" data-e-type=\"section\">\n\t\t\t\t\t\t<div class=\"elementor-container elementor-column-gap-default\">\n\t\t\t\t\t<div class=\"elementor-column elementor-col-25 elementor-inner-column elementor-element elementor-element-aac0932\" data-id=\"aac0932\" data-element_type=\"column\" data-e-type=\"column\" data-settings=\"{&quot;background_background&quot;:&quot;classic&quot;}\">\n\t\t\t<div class=\"elementor-widget-wrap elementor-element-populated\">\n\t\t\t\t\t\t<div class=\"elementor-element elementor-element-88f4589 elementor-position-top elementor-widget elementor-widget-image-box\" data-id=\"88f4589\" data-element_type=\"widget\" data-e-type=\"widget\" data-widget_type=\"image-box.default\">\n\t\t\t\t<div class=\"elementor-widget-container\">\n\t\t\t\t\t<div class=\"elementor-image-box-wrapper\"><figure class=\"elementor-image-box-img\"><a href=\"https:\/\/avestim.com\/ro\/servicii\/securitate-cibernica-pentesting\/\" tabindex=\"-1\"><img decoding=\"async\" width=\"107\" height=\"100\" src=\"https:\/\/avestim.com\/wp-content\/uploads\/2022\/05\/Vector-1.png\" class=\"attachment-full size-full wp-image-1440\" alt=\"\" \/><\/a><\/figure><div class=\"elementor-image-box-content\"><h3 class=\"elementor-image-box-title\"><a href=\"https:\/\/avestim.com\/ro\/servicii\/securitate-cibernica-pentesting\/\">SECURITATE CIBERNIC\u0102 \/ PENTESTING<\/a><\/h3><p class=\"elementor-image-box-description\">Securitatea cibernetic\u0103 este aplicarea tehnologiilor \u0219i proceselor pentru a proteja sistemele, re\u021belele, dispozitivele \u0219i datele de atacurile cibernetice.<\/p><\/div><\/div>\t\t\t\t<\/div>\n\t\t\t\t<\/div>\n\t\t\t\t<div class=\"elementor-element elementor-element-866d134 elementor-align-center elementor-widget elementor-widget-button\" data-id=\"866d134\" data-element_type=\"widget\" data-e-type=\"widget\" data-widget_type=\"button.default\">\n\t\t\t\t<div class=\"elementor-widget-container\">\n\t\t\t\t\t\t\t\t\t<div class=\"elementor-button-wrapper\">\n\t\t\t\t\t<a class=\"elementor-button elementor-button-link elementor-size-sm\" href=\"https:\/\/avestim.com\/ro\/servicii\/securitate-cibernica-pentesting\/\">\n\t\t\t\t\t\t<span class=\"elementor-button-content-wrapper\">\n\t\t\t\t\t\t\t\t\t<span class=\"elementor-button-text\">Detalii<\/span>\n\t\t\t\t\t<\/span>\n\t\t\t\t\t<\/a>\n\t\t\t\t<\/div>\n\t\t\t\t\t\t\t\t<\/div>\n\t\t\t\t<\/div>\n\t\t\t\t\t<\/div>\n\t\t<\/div>\n\t\t\t\t<div class=\"elementor-column elementor-col-25 elementor-inner-column elementor-element elementor-element-f33145f\" data-id=\"f33145f\" data-element_type=\"column\" data-e-type=\"column\" data-settings=\"{&quot;background_background&quot;:&quot;classic&quot;}\">\n\t\t\t<div class=\"elementor-widget-wrap elementor-element-populated\">\n\t\t\t\t\t\t<div class=\"elementor-element elementor-element-5c774c5 elementor-position-top elementor-widget elementor-widget-image-box\" data-id=\"5c774c5\" data-element_type=\"widget\" data-e-type=\"widget\" data-widget_type=\"image-box.default\">\n\t\t\t\t<div class=\"elementor-widget-container\">\n\t\t\t\t\t<div class=\"elementor-image-box-wrapper\"><figure class=\"elementor-image-box-img\"><a href=\"https:\/\/avestim.com\/ro\/servicii\/dezvoltare-hardware\/\" tabindex=\"-1\"><img loading=\"lazy\" decoding=\"async\" width=\"100\" height=\"100\" src=\"https:\/\/avestim.com\/wp-content\/uploads\/2022\/05\/Vector-1-1.png\" class=\"attachment-full size-full wp-image-1443\" alt=\"\" \/><\/a><\/figure><div class=\"elementor-image-box-content\"><h3 class=\"elementor-image-box-title\"><a href=\"https:\/\/avestim.com\/ro\/servicii\/dezvoltare-hardware\/\">Dezvoltare hardware<\/a><\/h3><p class=\"elementor-image-box-description\">\u00cen acest segment de tehnologie, ne baz\u0103m pe construc\u021bia propriu-zis\u0103 a prototipurilor pentru securitate. <\/p><\/div><\/div>\t\t\t\t<\/div>\n\t\t\t\t<\/div>\n\t\t\t\t<div class=\"elementor-element elementor-element-5f08d9e elementor-align-center elementor-widget elementor-widget-button\" data-id=\"5f08d9e\" data-element_type=\"widget\" data-e-type=\"widget\" data-widget_type=\"button.default\">\n\t\t\t\t<div class=\"elementor-widget-container\">\n\t\t\t\t\t\t\t\t\t<div class=\"elementor-button-wrapper\">\n\t\t\t\t\t<a class=\"elementor-button elementor-button-link elementor-size-sm\" href=\"https:\/\/avestim.com\/ro\/servicii\/dezvoltare-hardware\/\">\n\t\t\t\t\t\t<span class=\"elementor-button-content-wrapper\">\n\t\t\t\t\t\t\t\t\t<span class=\"elementor-button-text\">Detalii<\/span>\n\t\t\t\t\t<\/span>\n\t\t\t\t\t<\/a>\n\t\t\t\t<\/div>\n\t\t\t\t\t\t\t\t<\/div>\n\t\t\t\t<\/div>\n\t\t\t\t\t<\/div>\n\t\t<\/div>\n\t\t\t\t<div class=\"elementor-column elementor-col-25 elementor-inner-column elementor-element elementor-element-0f0a6e1\" data-id=\"0f0a6e1\" data-element_type=\"column\" data-e-type=\"column\" data-settings=\"{&quot;background_background&quot;:&quot;classic&quot;}\">\n\t\t\t<div class=\"elementor-widget-wrap elementor-element-populated\">\n\t\t\t\t\t\t<div class=\"elementor-element elementor-element-ec42d17 elementor-position-top elementor-widget elementor-widget-image-box\" data-id=\"ec42d17\" data-element_type=\"widget\" data-e-type=\"widget\" data-widget_type=\"image-box.default\">\n\t\t\t\t<div class=\"elementor-widget-container\">\n\t\t\t\t\t<div class=\"elementor-image-box-wrapper\"><figure class=\"elementor-image-box-img\"><a href=\"https:\/\/avestim.com\/ro\/servicii\/retele-si-robotica\/\" tabindex=\"-1\"><img loading=\"lazy\" decoding=\"async\" width=\"110\" height=\"100\" src=\"https:\/\/avestim.com\/wp-content\/uploads\/2022\/05\/Vector-2.png\" class=\"attachment-full size-full wp-image-1442\" alt=\"\" \/><\/a><\/figure><div class=\"elementor-image-box-content\"><h3 class=\"elementor-image-box-title\"><a href=\"https:\/\/avestim.com\/ro\/servicii\/retele-si-robotica\/\">Re\u021bele \u0219i robotic\u0103<\/a><\/h3><p class=\"elementor-image-box-description\">Compania noastra ofera servicii de gestionare a parcarii interioare sau stradale. Acest lucru este esen\u021bial, av\u00e2nd \u00een vedere cre\u0219terea constant\u0103 a num\u0103rului de ma\u0219ini care necesit\u0103 o logistic\u0103 bine dezvoltat\u0103. <\/p><\/div><\/div>\t\t\t\t<\/div>\n\t\t\t\t<\/div>\n\t\t\t\t<div class=\"elementor-element elementor-element-28f31f9 elementor-align-center elementor-widget elementor-widget-button\" data-id=\"28f31f9\" data-element_type=\"widget\" data-e-type=\"widget\" data-widget_type=\"button.default\">\n\t\t\t\t<div class=\"elementor-widget-container\">\n\t\t\t\t\t\t\t\t\t<div class=\"elementor-button-wrapper\">\n\t\t\t\t\t<a class=\"elementor-button elementor-button-link elementor-size-sm\" href=\"https:\/\/avestim.com\/ro\/servicii\/retele-si-robotica\/\">\n\t\t\t\t\t\t<span class=\"elementor-button-content-wrapper\">\n\t\t\t\t\t\t\t\t\t<span class=\"elementor-button-text\">Detalii<\/span>\n\t\t\t\t\t<\/span>\n\t\t\t\t\t<\/a>\n\t\t\t\t<\/div>\n\t\t\t\t\t\t\t\t<\/div>\n\t\t\t\t<\/div>\n\t\t\t\t\t<\/div>\n\t\t<\/div>\n\t\t\t\t<div class=\"elementor-column elementor-col-25 elementor-inner-column elementor-element elementor-element-35f4ffe\" data-id=\"35f4ffe\" data-element_type=\"column\" data-e-type=\"column\" data-settings=\"{&quot;background_background&quot;:&quot;classic&quot;}\">\n\t\t\t<div class=\"elementor-widget-wrap elementor-element-populated\">\n\t\t\t\t\t\t<div class=\"elementor-element elementor-element-eb820de elementor-position-top elementor-widget elementor-widget-image-box\" data-id=\"eb820de\" data-element_type=\"widget\" data-e-type=\"widget\" data-widget_type=\"image-box.default\">\n\t\t\t\t<div class=\"elementor-widget-container\">\n\t\t\t\t\t<div class=\"elementor-image-box-wrapper\"><figure class=\"elementor-image-box-img\"><a href=\"https:\/\/avestim.com\/ro\/servicii\/servicii-cloud-personalizate\/\" tabindex=\"-1\"><img loading=\"lazy\" decoding=\"async\" width=\"100\" height=\"100\" src=\"https:\/\/avestim.com\/wp-content\/uploads\/2022\/05\/Vector-3.png\" class=\"attachment-full size-full wp-image-1441\" alt=\"\" \/><\/a><\/figure><div class=\"elementor-image-box-content\"><h3 class=\"elementor-image-box-title\"><a href=\"https:\/\/avestim.com\/ro\/servicii\/servicii-cloud-personalizate\/\">Servicii cloud personalizate<\/a><\/h3><p class=\"elementor-image-box-description\">Compania noastra ofera servere cloud, personalizate cu securitate inclusa si solutii de backup pentru atacuri cibernetice.Cum func\u021bioneaz\u0103 serviciile cloud?<\/p><\/div><\/div>\t\t\t\t<\/div>\n\t\t\t\t<\/div>\n\t\t\t\t<div class=\"elementor-element elementor-element-66a8ef7 elementor-align-center elementor-widget elementor-widget-button\" data-id=\"66a8ef7\" data-element_type=\"widget\" data-e-type=\"widget\" data-widget_type=\"button.default\">\n\t\t\t\t<div class=\"elementor-widget-container\">\n\t\t\t\t\t\t\t\t\t<div class=\"elementor-button-wrapper\">\n\t\t\t\t\t<a class=\"elementor-button elementor-button-link elementor-size-sm\" href=\"https:\/\/avestim.com\/ro\/servicii\/servicii-cloud-personalizate\/\">\n\t\t\t\t\t\t<span class=\"elementor-button-content-wrapper\">\n\t\t\t\t\t\t\t\t\t<span class=\"elementor-button-text\">Detalii<\/span>\n\t\t\t\t\t<\/span>\n\t\t\t\t\t<\/a>\n\t\t\t\t<\/div>\n\t\t\t\t\t\t\t\t<\/div>\n\t\t\t\t<\/div>\n\t\t\t\t\t<\/div>\n\t\t<\/div>\n\t\t\t\t\t<\/div>\n\t\t<\/section>\n\t\t\t\t\t<\/div>\n\t\t<\/div>\n\t\t\t\t\t<\/div>\n\t\t<\/section>\n\t\t\t\t<\/div>\n\t\t","protected":false},"excerpt":{"rendered":"<p>DESPRE NOISuntem o companie de dezvoltare electronic\u0103 din Rom\u00e2nia, cu misiunea de a realiza prototipuri personalizate pentru siguran\u021ba afacerii dumneavoastr\u0103. Despre noi Venim \u00een ajutorul persoanelor fizice \u0219i juridice cu dezvolt\u0103rii \u0219i solu\u021bii inteligente create pentru prevenirea \u0219i combaterea posibilelor atacuri de hacking. &nbsp; Cu o experien\u021b\u0103 de peste 14 ani \u00een securitatea digital\u0103, putem [&hellip;]<\/p>\n","protected":false},"author":2,"featured_media":0,"parent":0,"menu_order":0,"comment_status":"closed","ping_status":"closed","template":"","meta":{"site-sidebar-layout":"no-sidebar","site-content-layout":"page-builder","ast-site-content-layout":"default","site-content-style":"default","site-sidebar-style":"default","ast-global-header-display":"","ast-banner-title-visibility":"","ast-main-header-display":"","ast-hfb-above-header-display":"","ast-hfb-below-header-display":"","ast-hfb-mobile-header-display":"","site-post-title":"disabled","ast-breadcrumbs-content":"disabled","ast-featured-img":"disabled","footer-sml-layout":"","ast-disable-related-posts":"","theme-transparent-header-meta":"enabled","adv-header-id-meta":"","stick-header-meta":"","header-above-stick-meta":"","header-main-stick-meta":"","header-below-stick-meta":"","astra-migrate-meta-layouts":"default","ast-page-background-enabled":"default","ast-page-background-meta":{"desktop":{"background-color":"","background-image":"","background-repeat":"repeat","background-position":"center center","background-size":"auto","background-attachment":"scroll","background-type":"","background-media":"","overlay-type":"","overlay-color":"","overlay-opacity":"","overlay-gradient":""},"tablet":{"background-color":"","background-image":"","background-repeat":"repeat","background-position":"center center","background-size":"auto","background-attachment":"scroll","background-type":"","background-media":"","overlay-type":"","overlay-color":"","overlay-opacity":"","overlay-gradient":""},"mobile":{"background-color":"","background-image":"","background-repeat":"repeat","background-position":"center center","background-size":"auto","background-attachment":"scroll","background-type":"","background-media":"","overlay-type":"","overlay-color":"","overlay-opacity":"","overlay-gradient":""}},"ast-content-background-meta":{"desktop":{"background-color":"var(--ast-global-color-5)","background-image":"","background-repeat":"repeat","background-position":"center center","background-size":"auto","background-attachment":"scroll","background-type":"","background-media":"","overlay-type":"","overlay-color":"","overlay-opacity":"","overlay-gradient":""},"tablet":{"background-color":"var(--ast-global-color-5)","background-image":"","background-repeat":"repeat","background-position":"center center","background-size":"auto","background-attachment":"scroll","background-type":"","background-media":"","overlay-type":"","overlay-color":"","overlay-opacity":"","overlay-gradient":""},"mobile":{"background-color":"var(--ast-global-color-5)","background-image":"","background-repeat":"repeat","background-position":"center center","background-size":"auto","background-attachment":"scroll","background-type":"","background-media":"","overlay-type":"","overlay-color":"","overlay-opacity":"","overlay-gradient":""}},"footnotes":""},"class_list":["post-1501","page","type-page","status-publish","hentry"],"aioseo_notices":[],"_links":{"self":[{"href":"https:\/\/avestim.com\/ro\/wp-json\/wp\/v2\/pages\/1501","targetHints":{"allow":["GET"]}}],"collection":[{"href":"https:\/\/avestim.com\/ro\/wp-json\/wp\/v2\/pages"}],"about":[{"href":"https:\/\/avestim.com\/ro\/wp-json\/wp\/v2\/types\/page"}],"author":[{"embeddable":true,"href":"https:\/\/avestim.com\/ro\/wp-json\/wp\/v2\/users\/2"}],"replies":[{"embeddable":true,"href":"https:\/\/avestim.com\/ro\/wp-json\/wp\/v2\/comments?post=1501"}],"version-history":[{"count":8,"href":"https:\/\/avestim.com\/ro\/wp-json\/wp\/v2\/pages\/1501\/revisions"}],"predecessor-version":[{"id":1761,"href":"https:\/\/avestim.com\/ro\/wp-json\/wp\/v2\/pages\/1501\/revisions\/1761"}],"wp:attachment":[{"href":"https:\/\/avestim.com\/ro\/wp-json\/wp\/v2\/media?parent=1501"}],"curies":[{"name":"wp","href":"https:\/\/api.w.org\/{rel}","templated":true}]}}