{"id":1574,"date":"2022-05-11T12:06:08","date_gmt":"2022-05-11T09:06:08","guid":{"rendered":"https:\/\/avestim.com\/servicii\/dezvoltare-hardware\/"},"modified":"2022-05-24T10:49:40","modified_gmt":"2022-05-24T07:49:40","slug":"dezvoltare-hardware","status":"publish","type":"page","link":"https:\/\/avestim.com\/ro\/servicii\/dezvoltare-hardware\/","title":{"rendered":"Dezvoltare hardware"},"content":{"rendered":"\t\t<div data-elementor-type=\"wp-page\" data-elementor-id=\"1574\" class=\"elementor elementor-1574 elementor-1040\" data-elementor-post-type=\"page\">\n\t\t\t\t\t\t<section class=\"elementor-section elementor-top-section elementor-element elementor-element-aaca39f elementor-section-height-min-height elementor-section-boxed elementor-section-height-default elementor-section-items-middle\" data-id=\"aaca39f\" data-element_type=\"section\" data-e-type=\"section\" data-settings=\"{&quot;background_background&quot;:&quot;classic&quot;}\">\n\t\t\t\t\t\t\t<div class=\"elementor-background-overlay\"><\/div>\n\t\t\t\t\t\t\t<div class=\"elementor-container elementor-column-gap-no\">\n\t\t\t\t\t<div class=\"elementor-column elementor-col-50 elementor-top-column elementor-element elementor-element-71d8944\" data-id=\"71d8944\" data-element_type=\"column\" data-e-type=\"column\">\n\t\t\t<div class=\"elementor-widget-wrap elementor-element-populated\">\n\t\t\t\t\t\t<div class=\"elementor-element elementor-element-8f1a18e elementor--h-position-left elementor--v-position-middle elementor-pagination-position-inside elementor-widget elementor-widget-slides\" data-id=\"8f1a18e\" data-element_type=\"widget\" data-e-type=\"widget\" data-settings=\"{&quot;navigation&quot;:&quot;dots&quot;,&quot;autoplay_speed&quot;:100000,&quot;transition_speed&quot;:1000,&quot;autoplay&quot;:&quot;yes&quot;,&quot;pause_on_hover&quot;:&quot;yes&quot;,&quot;pause_on_interaction&quot;:&quot;yes&quot;,&quot;infinite&quot;:&quot;yes&quot;,&quot;transition&quot;:&quot;slide&quot;}\" data-widget_type=\"slides.default\">\n\t\t\t\t<div class=\"elementor-widget-container\">\n\t\t\t\t\t\t\t\t\t<div class=\"elementor-swiper\">\n\t\t\t\t\t<div class=\"elementor-slides-wrapper elementor-main-swiper swiper\" role=\"region\" aria-roledescription=\"carousel\" aria-label=\"Slides\" dir=\"ltr\" data-animation=\"fadeInUp\">\n\t\t\t\t<div class=\"swiper-wrapper elementor-slides\">\n\t\t\t\t\t\t\t\t\t\t<div class=\"elementor-repeater-item-c13e9e8 swiper-slide\" role=\"group\" aria-roledescription=\"slide\"><div class=\"swiper-slide-bg\"><\/div><div class=\"swiper-slide-inner\" ><div class=\"swiper-slide-contents\"><div class=\"elementor-slide-heading\"><b>Dezvoltare hardware<\/b><\/div><div class=\"elementor-slide-description\">\u00cen acest segment de tehnologie, ne baz\u0103m pe construirea efectiv\u0103 a prototipurilor pentru securitate. \u021aintim u\u0219urarea muncii \u00een companie \u0219i proiectarea diferitelor pl\u0103ci de dezvoltare (Raspberry PI3,4 , LORA, Arduinon Nano, Pycom Fipy) care vor fi utilizate \u00een proiecte precum senzori de parcare, case inteligente, frigider smart, ma\u0219ini smart, localiz\u0103ri GPS pentru membrii familiei, etc,<\/div><\/div><\/div><\/div>\t\t\t\t<\/div>\n\t\t\t\t\t\t\t<\/div>\n\t\t\t\t<\/div>\n\t\t\t\t\t\t\t\t<\/div>\n\t\t\t\t<\/div>\n\t\t\t\t\t<\/div>\n\t\t<\/div>\n\t\t\t\t<div class=\"elementor-column elementor-col-50 elementor-top-column elementor-element elementor-element-280d9c7\" data-id=\"280d9c7\" data-element_type=\"column\" data-e-type=\"column\">\n\t\t\t<div class=\"elementor-widget-wrap\">\n\t\t\t\t\t\t\t<\/div>\n\t\t<\/div>\n\t\t\t\t\t<\/div>\n\t\t<\/section>\n\t\t\t\t<section class=\"elementor-section elementor-top-section elementor-element elementor-element-c7fd940 elementor-section-boxed elementor-section-height-default elementor-section-height-default\" data-id=\"c7fd940\" data-element_type=\"section\" data-e-type=\"section\" data-settings=\"{&quot;background_background&quot;:&quot;classic&quot;}\">\n\t\t\t\t\t\t<div class=\"elementor-container elementor-column-gap-default\">\n\t\t\t\t\t<div class=\"elementor-column elementor-col-100 elementor-top-column elementor-element elementor-element-86b58e9\" data-id=\"86b58e9\" data-element_type=\"column\" data-e-type=\"column\">\n\t\t\t<div class=\"elementor-widget-wrap elementor-element-populated\">\n\t\t\t\t\t\t<div class=\"elementor-element elementor-element-d984a14 elementor-widget elementor-widget-heading\" data-id=\"d984a14\" data-element_type=\"widget\" data-e-type=\"widget\" data-widget_type=\"heading.default\">\n\t\t\t\t<div class=\"elementor-widget-container\">\n\t\t\t\t\t<h4 class=\"elementor-heading-title elementor-size-default\">1.\tSisteme de senzori pentru diferite domenii de activitate<\/h4>\t\t\t\t<\/div>\n\t\t\t\t<\/div>\n\t\t\t\t<div class=\"elementor-element elementor-element-1e82848 elementor-widget elementor-widget-text-editor\" data-id=\"1e82848\" data-element_type=\"widget\" data-e-type=\"widget\" data-widget_type=\"text-editor.default\">\n\t\t\t\t<div class=\"elementor-widget-container\">\n\t\t\t\t\t\t\t\t\tSenzorii sunt dispozitive tehnice care reac\u021bioneaz\u0103 calitativ sau cantitativ prin proprii m\u0103rimi m\u0103surabile, la anumite propriet\u0103\u021bi ale mediului. Pot m\u0103sura sau \u00eenregistra presiunea, umiditatea, accelera\u021bia, for\u021ba, intensitatea sonor\u0103, proximitatea unui corp sau mi\u0219carea. Sistemele de senzori se pot utiliza \u00een prototipuri precum senzorii de parcare, ma\u0219ini sau \u00een casele de tip \u201csmarthome\u201d.\t\t\t\t\t\t\t\t<\/div>\n\t\t\t\t<\/div>\n\t\t\t\t<div class=\"elementor-element elementor-element-9e1106b elementor-widget elementor-widget-heading\" data-id=\"9e1106b\" data-element_type=\"widget\" data-e-type=\"widget\" data-widget_type=\"heading.default\">\n\t\t\t\t<div class=\"elementor-widget-container\">\n\t\t\t\t\t<h4 class=\"elementor-heading-title elementor-size-default\">2.\tControlere \u0219i invertoare pentru electronic\u0103 de \u00eenalt\u0103 performan\u021b\u0103<\/h4>\t\t\t\t<\/div>\n\t\t\t\t<\/div>\n\t\t\t\t<div class=\"elementor-element elementor-element-2651f14 elementor-widget elementor-widget-text-editor\" data-id=\"2651f14\" data-element_type=\"widget\" data-e-type=\"widget\" data-widget_type=\"text-editor.default\">\n\t\t\t\t<div class=\"elementor-widget-container\">\n\t\t\t\t\t\t\t\t\tInvertoarele sunt folosite pentru a alimenta aparatele electrice atunci c\u00e2nd sursa de energie este diferit\u0103 fa\u021b\u0103 de cea furnizat\u0103 de compania de utilit\u0103\u021bi, iar controlerele sunt dispozitive esen\u021biale de intrare pentru a controla un obiect sau un prototip de la o anumit\u0103 distan\u021b\u0103. Ambele sunt dispozitive utilizate des, iar cu evolu\u021bia tehnologiei, pot fi folosite foarte productiv \u00een domeniul securit\u0103\u021bii cibernetice\t\t\t\t\t\t\t\t<\/div>\n\t\t\t\t<\/div>\n\t\t\t\t<div class=\"elementor-element elementor-element-7f9e538 elementor-widget elementor-widget-heading\" data-id=\"7f9e538\" data-element_type=\"widget\" data-e-type=\"widget\" data-widget_type=\"heading.default\">\n\t\t\t\t<div class=\"elementor-widget-container\">\n\t\t\t\t\t<h4 class=\"elementor-heading-title elementor-size-default\">3.\tConstruirea diferitelor prototipuri pentru afacere<\/h4>\t\t\t\t<\/div>\n\t\t\t\t<\/div>\n\t\t\t\t<div class=\"elementor-element elementor-element-9aa4018 elementor-widget elementor-widget-heading\" data-id=\"9aa4018\" data-element_type=\"widget\" data-e-type=\"widget\" data-widget_type=\"heading.default\">\n\t\t\t\t<div class=\"elementor-widget-container\">\n\t\t\t\t\t<h4 class=\"elementor-heading-title elementor-size-default\">4.\tTehnologie LED pentru concepte de iluminat<\/h4>\t\t\t\t<\/div>\n\t\t\t\t<\/div>\n\t\t\t\t<div class=\"elementor-element elementor-element-0cc43bd elementor-widget elementor-widget-text-editor\" data-id=\"0cc43bd\" data-element_type=\"widget\" data-e-type=\"widget\" data-widget_type=\"text-editor.default\">\n\t\t\t\t<div class=\"elementor-widget-container\">\n\t\t\t\t\t\t\t\t\tLED ( light-emitting diode, sau diod\u0103 emi\u021b\u0103toare de lumin\u0103). Acestea sunt diode semiconductoare, sau surse mici de lumin\u0103 \u00eenso\u021bite de un circuit electric. Conceptele de iluminat de acest tip sunt foarte populare, fiind \u00eent\u00e2lnite \u00een decor sau ca indicatoare \u00een cadrul dispozitivelor electronice.\t\t\t\t\t\t\t\t<\/div>\n\t\t\t\t<\/div>\n\t\t\t\t<div class=\"elementor-element elementor-element-32ecbb4 elementor-widget elementor-widget-heading\" data-id=\"32ecbb4\" data-element_type=\"widget\" data-e-type=\"widget\" data-widget_type=\"heading.default\">\n\t\t\t\t<div class=\"elementor-widget-container\">\n\t\t\t\t\t<h4 class=\"elementor-heading-title elementor-size-default\">5.\tSisteme integrate<\/h4>\t\t\t\t<\/div>\n\t\t\t\t<\/div>\n\t\t\t\t<div class=\"elementor-element elementor-element-ae92792 elementor-widget elementor-widget-text-editor\" data-id=\"ae92792\" data-element_type=\"widget\" data-e-type=\"widget\" data-widget_type=\"text-editor.default\">\n\t\t\t\t<div class=\"elementor-widget-container\">\n\t\t\t\t\t\t\t\t\tRolul sistemelor integrate este de a ajuta organiza\u021biile s\u0103-\u0219i creasc\u0103 eficien\u021ba, capacitatea de comunicare \u0219i nivelul de flexibilitate. Comunic\u0103 cu alte sisteme, \u0219i astfel iau na\u0219tere solu\u021bii noi \u0219i moderne. Astfel de sisteme sunt folosite \u00een business-ul modern pentru a facilita comunicarea \u00eentre angaja\u021bi, \u0219i a conferi un nivel de ordine \u0219i control asupra datelor care circul\u0103 prin ele. Putem afirma c\u0103 u\u0219ureaz\u0103 munca \u00een cadrul firmei pentru \u00eendeplinirea eficient\u0103 a task-urilor.\t\t\t\t\t\t\t\t<\/div>\n\t\t\t\t<\/div>\n\t\t\t\t<div class=\"elementor-element elementor-element-e7de70f elementor-widget elementor-widget-heading\" data-id=\"e7de70f\" data-element_type=\"widget\" data-e-type=\"widget\" data-widget_type=\"heading.default\">\n\t\t\t\t<div class=\"elementor-widget-container\">\n\t\t\t\t\t<h4 class=\"elementor-heading-title elementor-size-default\">6.\tSolu\u021bii integrate ca DALI, DMX<\/h4>\t\t\t\t<\/div>\n\t\t\t\t<\/div>\n\t\t\t\t<div class=\"elementor-element elementor-element-cc26eb0 elementor-widget elementor-widget-text-editor\" data-id=\"cc26eb0\" data-element_type=\"widget\" data-e-type=\"widget\" data-widget_type=\"text-editor.default\">\n\t\t\t\t<div class=\"elementor-widget-container\">\n\t\t\t\t\t\t\t\t\tSolu\u021biile precum DALI sau DMX sunt printre cele mai populare tehnologii \u201cfulger\u201d de control. Sunt utilizate \u00een conservarea energiei, \u0219i sunt sisteme centralizate sau decentralizate de iluminat. Se utilizeaz\u0103 \u00een domenii precum lumini de urgen\u021b\u0103, senzori, efecte dinamice de lumin\u0103 sau sincronizate. Fiind solu\u021bii diferite, echipa noastr\u0103 v\u0103 st\u0103 la dispozi\u021bie pentru a decide care vi se potrive\u0219te cel mai bine \u0219i productiv afacerii dumneavoastr\u0103\t\t\t\t\t\t\t\t<\/div>\n\t\t\t\t<\/div>\n\t\t\t\t<div class=\"elementor-element elementor-element-2fc4103 elementor-widget elementor-widget-heading\" data-id=\"2fc4103\" data-element_type=\"widget\" data-e-type=\"widget\" data-widget_type=\"heading.default\">\n\t\t\t\t<div class=\"elementor-widget-container\">\n\t\t\t\t\t<h4 class=\"elementor-heading-title elementor-size-default\">7.\tSisteme radio, bluetooth low energy, JenNet-ip, Zigbee<\/h4>\t\t\t\t<\/div>\n\t\t\t\t<\/div>\n\t\t\t\t<div class=\"elementor-element elementor-element-28df486 elementor-widget elementor-widget-text-editor\" data-id=\"28df486\" data-element_type=\"widget\" data-e-type=\"widget\" data-widget_type=\"text-editor.default\">\n\t\t\t\t<div class=\"elementor-widget-container\">\n\t\t\t\t\t\t\t\t\tAceste sisteme sunt utilizate \u00een comunicarea din cadrul unei organiza\u021bii, firme, sau a unui proiect. Create pentru a utiliza energie c\u00e2t mai pu\u021bin\u0103, \u0219i cu o rezisten\u021b\u0103 crescut\u0103, sistemele creeaz\u0103 un network personal \u00eentr-un cadru restr\u00e2ns pentru desf\u0103\u0219urarea activit\u0103\u021bii.\t\t\t\t\t\t\t\t<\/div>\n\t\t\t\t<\/div>\n\t\t\t\t<div class=\"elementor-element elementor-element-8be4b11 elementor-widget elementor-widget-heading\" data-id=\"8be4b11\" data-element_type=\"widget\" data-e-type=\"widget\" data-widget_type=\"heading.default\">\n\t\t\t\t<div class=\"elementor-widget-container\">\n\t\t\t\t\t<h4 class=\"elementor-heading-title elementor-size-default\">8.\tMonitorizare<\/h4>\t\t\t\t<\/div>\n\t\t\t\t<\/div>\n\t\t\t\t<div class=\"elementor-element elementor-element-405715c elementor-widget elementor-widget-text-editor\" data-id=\"405715c\" data-element_type=\"widget\" data-e-type=\"widget\" data-widget_type=\"text-editor.default\">\n\t\t\t\t<div class=\"elementor-widget-container\">\n\t\t\t\t\t\t\t\t\t\u00cen acest segment ne ocup\u0103m de partea hardware a bazelor monitoriz\u0103rii precum camere de filmat, microfoane sau dispozitive de localizare global\u0103\t\t\t\t\t\t\t\t<\/div>\n\t\t\t\t<\/div>\n\t\t\t\t\t<\/div>\n\t\t<\/div>\n\t\t\t\t\t<\/div>\n\t\t<\/section>\n\t\t\t\t<section class=\"elementor-section elementor-top-section elementor-element elementor-element-8d3ef99 elementor-section-boxed elementor-section-height-default elementor-section-height-default\" data-id=\"8d3ef99\" data-element_type=\"section\" data-e-type=\"section\" data-settings=\"{&quot;background_background&quot;:&quot;classic&quot;}\">\n\t\t\t\t\t\t<div class=\"elementor-container elementor-column-gap-default\">\n\t\t\t\t\t<div class=\"elementor-column elementor-col-100 elementor-top-column elementor-element elementor-element-77c8e04\" data-id=\"77c8e04\" data-element_type=\"column\" data-e-type=\"column\" data-settings=\"{&quot;background_background&quot;:&quot;classic&quot;}\">\n\t\t\t<div class=\"elementor-widget-wrap elementor-element-populated\">\n\t\t\t\t\t\t<div class=\"elementor-element elementor-element-50188bf elementor-widget elementor-widget-heading\" data-id=\"50188bf\" data-element_type=\"widget\" data-e-type=\"widget\" data-widget_type=\"heading.default\">\n\t\t\t\t<div class=\"elementor-widget-container\">\n\t\t\t\t\t<h2 class=\"elementor-heading-title elementor-size-default\">Servicii<\/h2>\t\t\t\t<\/div>\n\t\t\t\t<\/div>\n\t\t\t\t<section class=\"elementor-section elementor-inner-section elementor-element elementor-element-140bf46 elementor-section-boxed elementor-section-height-default elementor-section-height-default\" data-id=\"140bf46\" data-element_type=\"section\" data-e-type=\"section\">\n\t\t\t\t\t\t<div class=\"elementor-container elementor-column-gap-default\">\n\t\t\t\t\t<div class=\"elementor-column elementor-col-33 elementor-inner-column elementor-element elementor-element-5c49b9e\" data-id=\"5c49b9e\" data-element_type=\"column\" data-e-type=\"column\" data-settings=\"{&quot;background_background&quot;:&quot;classic&quot;}\">\n\t\t\t<div class=\"elementor-widget-wrap elementor-element-populated\">\n\t\t\t\t\t\t<div class=\"elementor-element elementor-element-1402058 elementor-position-top elementor-widget elementor-widget-image-box\" data-id=\"1402058\" data-element_type=\"widget\" data-e-type=\"widget\" data-widget_type=\"image-box.default\">\n\t\t\t\t<div class=\"elementor-widget-container\">\n\t\t\t\t\t<div class=\"elementor-image-box-wrapper\"><figure class=\"elementor-image-box-img\"><a href=\"https:\/\/avestim.com\/ro\/servicii\/securitate-cibernica-pentesting\/\" tabindex=\"-1\"><img decoding=\"async\" width=\"107\" height=\"100\" src=\"https:\/\/avestim.com\/wp-content\/uploads\/2022\/05\/Vector-1.png\" class=\"attachment-full size-full wp-image-1440\" alt=\"\" \/><\/a><\/figure><div class=\"elementor-image-box-content\"><h3 class=\"elementor-image-box-title\"><a href=\"https:\/\/avestim.com\/ro\/servicii\/securitate-cibernica-pentesting\/\">Securitate <br>cibernetic\u0103<\/a><\/h3><p class=\"elementor-image-box-description\">Securitatea cibernetic\u0103 este aplicarea tehnologiilor \u0219i proceselor pentru a proteja sistemele, re\u021belele, dispozitivele \u0219i datele de atacurile cibernetice.<\/p><\/div><\/div>\t\t\t\t<\/div>\n\t\t\t\t<\/div>\n\t\t\t\t<div class=\"elementor-element elementor-element-ddff5f2 elementor-align-center elementor-widget elementor-widget-button\" data-id=\"ddff5f2\" data-element_type=\"widget\" data-e-type=\"widget\" data-widget_type=\"button.default\">\n\t\t\t\t<div class=\"elementor-widget-container\">\n\t\t\t\t\t\t\t\t\t<div class=\"elementor-button-wrapper\">\n\t\t\t\t\t<a class=\"elementor-button elementor-button-link elementor-size-sm\" href=\"https:\/\/avestim.com\/ro\/servicii\/securitate-cibernica-pentesting\/\">\n\t\t\t\t\t\t<span class=\"elementor-button-content-wrapper\">\n\t\t\t\t\t\t\t\t\t<span class=\"elementor-button-text\">Detalii<\/span>\n\t\t\t\t\t<\/span>\n\t\t\t\t\t<\/a>\n\t\t\t\t<\/div>\n\t\t\t\t\t\t\t\t<\/div>\n\t\t\t\t<\/div>\n\t\t\t\t\t<\/div>\n\t\t<\/div>\n\t\t\t\t<div class=\"elementor-column elementor-col-33 elementor-inner-column elementor-element elementor-element-a0b1c11\" data-id=\"a0b1c11\" data-element_type=\"column\" data-e-type=\"column\" data-settings=\"{&quot;background_background&quot;:&quot;classic&quot;}\">\n\t\t\t<div class=\"elementor-widget-wrap elementor-element-populated\">\n\t\t\t\t\t\t<div class=\"elementor-element elementor-element-b10cd96 elementor-position-top elementor-widget elementor-widget-image-box\" data-id=\"b10cd96\" data-element_type=\"widget\" data-e-type=\"widget\" data-widget_type=\"image-box.default\">\n\t\t\t\t<div class=\"elementor-widget-container\">\n\t\t\t\t\t<div class=\"elementor-image-box-wrapper\"><figure class=\"elementor-image-box-img\"><a href=\"https:\/\/avestim.com\/ro\/servicii\/retele-si-robotica\/\" tabindex=\"-1\"><img decoding=\"async\" width=\"110\" height=\"100\" src=\"https:\/\/avestim.com\/wp-content\/uploads\/2022\/05\/Vector-2.png\" class=\"attachment-full size-full wp-image-1442\" alt=\"\" \/><\/a><\/figure><div class=\"elementor-image-box-content\"><h3 class=\"elementor-image-box-title\"><a href=\"https:\/\/avestim.com\/ro\/servicii\/retele-si-robotica\/\">Re\u021belistic\u0103 \u0219i robotic\u0103<\/a><\/h3><p class=\"elementor-image-box-description\">Compania noastra ofera servicii de gestionare a parcarii interioare sau stradale. Acest lucru este esen\u021bial, av\u00e2nd \u00een vedere cre\u0219terea constant\u0103 a num\u0103rului de ma\u0219ini care necesit\u0103 o logistic\u0103 bine dezvoltat\u0103. <\/p><\/div><\/div>\t\t\t\t<\/div>\n\t\t\t\t<\/div>\n\t\t\t\t<div class=\"elementor-element elementor-element-2f9fb87 elementor-align-center elementor-widget elementor-widget-button\" data-id=\"2f9fb87\" data-element_type=\"widget\" data-e-type=\"widget\" data-widget_type=\"button.default\">\n\t\t\t\t<div class=\"elementor-widget-container\">\n\t\t\t\t\t\t\t\t\t<div class=\"elementor-button-wrapper\">\n\t\t\t\t\t<a class=\"elementor-button elementor-button-link elementor-size-sm\" href=\"https:\/\/avestim.com\/ro\/servicii\/retele-si-robotica\/\">\n\t\t\t\t\t\t<span class=\"elementor-button-content-wrapper\">\n\t\t\t\t\t\t\t\t\t<span class=\"elementor-button-text\">Detalii<\/span>\n\t\t\t\t\t<\/span>\n\t\t\t\t\t<\/a>\n\t\t\t\t<\/div>\n\t\t\t\t\t\t\t\t<\/div>\n\t\t\t\t<\/div>\n\t\t\t\t\t<\/div>\n\t\t<\/div>\n\t\t\t\t<div class=\"elementor-column elementor-col-33 elementor-inner-column elementor-element elementor-element-f58e82d\" data-id=\"f58e82d\" data-element_type=\"column\" data-e-type=\"column\" data-settings=\"{&quot;background_background&quot;:&quot;classic&quot;}\">\n\t\t\t<div class=\"elementor-widget-wrap elementor-element-populated\">\n\t\t\t\t\t\t<div class=\"elementor-element elementor-element-f33fe45 elementor-position-top elementor-widget elementor-widget-image-box\" data-id=\"f33fe45\" data-element_type=\"widget\" data-e-type=\"widget\" data-widget_type=\"image-box.default\">\n\t\t\t\t<div class=\"elementor-widget-container\">\n\t\t\t\t\t<div class=\"elementor-image-box-wrapper\"><figure class=\"elementor-image-box-img\"><a href=\"https:\/\/avestim.com\/ro\/servicii\/servicii-cloud-personalizate\/\" tabindex=\"-1\"><img decoding=\"async\" width=\"100\" height=\"100\" src=\"https:\/\/avestim.com\/wp-content\/uploads\/2022\/05\/Vector-3.png\" class=\"attachment-full size-full wp-image-1441\" alt=\"\" \/><\/a><\/figure><div class=\"elementor-image-box-content\"><h3 class=\"elementor-image-box-title\"><a href=\"https:\/\/avestim.com\/ro\/servicii\/servicii-cloud-personalizate\/\">Servicii cloud<br> personalizate<\/a><\/h3><p class=\"elementor-image-box-description\">Compania noastra ofera servere cloud, personalizate cu securitate inclusa si solutii de backup pentru atacuri cibernetice.Cum func\u021bioneaz\u0103 serviciile cloud?<\/p><\/div><\/div>\t\t\t\t<\/div>\n\t\t\t\t<\/div>\n\t\t\t\t<div class=\"elementor-element elementor-element-1304fe2 elementor-align-center elementor-widget elementor-widget-button\" data-id=\"1304fe2\" data-element_type=\"widget\" data-e-type=\"widget\" data-widget_type=\"button.default\">\n\t\t\t\t<div class=\"elementor-widget-container\">\n\t\t\t\t\t\t\t\t\t<div class=\"elementor-button-wrapper\">\n\t\t\t\t\t<a class=\"elementor-button elementor-button-link elementor-size-sm\" href=\"https:\/\/avestim.com\/ro\/servicii\/servicii-cloud-personalizate\/\">\n\t\t\t\t\t\t<span class=\"elementor-button-content-wrapper\">\n\t\t\t\t\t\t\t\t\t<span class=\"elementor-button-text\">Detalii<\/span>\n\t\t\t\t\t<\/span>\n\t\t\t\t\t<\/a>\n\t\t\t\t<\/div>\n\t\t\t\t\t\t\t\t<\/div>\n\t\t\t\t<\/div>\n\t\t\t\t\t<\/div>\n\t\t<\/div>\n\t\t\t\t\t<\/div>\n\t\t<\/section>\n\t\t\t\t\t<\/div>\n\t\t<\/div>\n\t\t\t\t\t<\/div>\n\t\t<\/section>\n\t\t\t\t<\/div>\n\t\t","protected":false},"excerpt":{"rendered":"<p>Dezvoltare hardware\u00cen acest segment de tehnologie, ne baz\u0103m pe construirea efectiv\u0103 a prototipurilor pentru securitate. \u021aintim u\u0219urarea muncii \u00een companie \u0219i proiectarea diferitelor pl\u0103ci de dezvoltare (Raspberry PI3,4 , LORA, Arduinon Nano, Pycom Fipy) care vor fi utilizate \u00een proiecte precum senzori de parcare, case inteligente, frigider smart, ma\u0219ini smart, localiz\u0103ri GPS pentru membrii familiei, [&hellip;]<\/p>\n","protected":false},"author":2,"featured_media":0,"parent":1565,"menu_order":0,"comment_status":"closed","ping_status":"closed","template":"","meta":{"site-sidebar-layout":"no-sidebar","site-content-layout":"page-builder","ast-site-content-layout":"default","site-content-style":"default","site-sidebar-style":"default","ast-global-header-display":"","ast-banner-title-visibility":"","ast-main-header-display":"","ast-hfb-above-header-display":"","ast-hfb-below-header-display":"","ast-hfb-mobile-header-display":"","site-post-title":"disabled","ast-breadcrumbs-content":"disabled","ast-featured-img":"disabled","footer-sml-layout":"","ast-disable-related-posts":"","theme-transparent-header-meta":"enabled","adv-header-id-meta":"","stick-header-meta":"","header-above-stick-meta":"","header-main-stick-meta":"","header-below-stick-meta":"","astra-migrate-meta-layouts":"default","ast-page-background-enabled":"default","ast-page-background-meta":{"desktop":{"background-color":"","background-image":"","background-repeat":"repeat","background-position":"center center","background-size":"auto","background-attachment":"scroll","background-type":"","background-media":"","overlay-type":"","overlay-color":"","overlay-opacity":"","overlay-gradient":""},"tablet":{"background-color":"","background-image":"","background-repeat":"repeat","background-position":"center center","background-size":"auto","background-attachment":"scroll","background-type":"","background-media":"","overlay-type":"","overlay-color":"","overlay-opacity":"","overlay-gradient":""},"mobile":{"background-color":"","background-image":"","background-repeat":"repeat","background-position":"center center","background-size":"auto","background-attachment":"scroll","background-type":"","background-media":"","overlay-type":"","overlay-color":"","overlay-opacity":"","overlay-gradient":""}},"ast-content-background-meta":{"desktop":{"background-color":"var(--ast-global-color-5)","background-image":"","background-repeat":"repeat","background-position":"center center","background-size":"auto","background-attachment":"scroll","background-type":"","background-media":"","overlay-type":"","overlay-color":"","overlay-opacity":"","overlay-gradient":""},"tablet":{"background-color":"var(--ast-global-color-5)","background-image":"","background-repeat":"repeat","background-position":"center center","background-size":"auto","background-attachment":"scroll","background-type":"","background-media":"","overlay-type":"","overlay-color":"","overlay-opacity":"","overlay-gradient":""},"mobile":{"background-color":"var(--ast-global-color-5)","background-image":"","background-repeat":"repeat","background-position":"center center","background-size":"auto","background-attachment":"scroll","background-type":"","background-media":"","overlay-type":"","overlay-color":"","overlay-opacity":"","overlay-gradient":""}},"footnotes":""},"class_list":["post-1574","page","type-page","status-publish","hentry"],"aioseo_notices":[],"_links":{"self":[{"href":"https:\/\/avestim.com\/ro\/wp-json\/wp\/v2\/pages\/1574","targetHints":{"allow":["GET"]}}],"collection":[{"href":"https:\/\/avestim.com\/ro\/wp-json\/wp\/v2\/pages"}],"about":[{"href":"https:\/\/avestim.com\/ro\/wp-json\/wp\/v2\/types\/page"}],"author":[{"embeddable":true,"href":"https:\/\/avestim.com\/ro\/wp-json\/wp\/v2\/users\/2"}],"replies":[{"embeddable":true,"href":"https:\/\/avestim.com\/ro\/wp-json\/wp\/v2\/comments?post=1574"}],"version-history":[{"count":7,"href":"https:\/\/avestim.com\/ro\/wp-json\/wp\/v2\/pages\/1574\/revisions"}],"predecessor-version":[{"id":1776,"href":"https:\/\/avestim.com\/ro\/wp-json\/wp\/v2\/pages\/1574\/revisions\/1776"}],"up":[{"embeddable":true,"href":"https:\/\/avestim.com\/ro\/wp-json\/wp\/v2\/pages\/1565"}],"wp:attachment":[{"href":"https:\/\/avestim.com\/ro\/wp-json\/wp\/v2\/media?parent=1574"}],"curies":[{"name":"wp","href":"https:\/\/api.w.org\/{rel}","templated":true}]}}