{"id":1579,"date":"2022-05-11T12:21:18","date_gmt":"2022-05-11T09:21:18","guid":{"rendered":"https:\/\/avestim.com\/servicii\/retele-si-robotica\/"},"modified":"2022-05-24T10:49:08","modified_gmt":"2022-05-24T07:49:08","slug":"retele-si-robotica","status":"publish","type":"page","link":"https:\/\/avestim.com\/ro\/servicii\/retele-si-robotica\/","title":{"rendered":"Re\u021bele \u0219i robotic\u0103"},"content":{"rendered":"\t\t<div data-elementor-type=\"wp-page\" data-elementor-id=\"1579\" class=\"elementor elementor-1579 elementor-1052\" data-elementor-post-type=\"page\">\n\t\t\t\t\t\t<section class=\"elementor-section elementor-top-section elementor-element elementor-element-aaca39f elementor-section-height-min-height elementor-section-boxed elementor-section-height-default elementor-section-items-middle\" data-id=\"aaca39f\" data-element_type=\"section\" data-e-type=\"section\" data-settings=\"{&quot;background_background&quot;:&quot;classic&quot;}\">\n\t\t\t\t\t\t\t<div class=\"elementor-background-overlay\"><\/div>\n\t\t\t\t\t\t\t<div class=\"elementor-container elementor-column-gap-no\">\n\t\t\t\t\t<div class=\"elementor-column elementor-col-50 elementor-top-column elementor-element elementor-element-71d8944\" data-id=\"71d8944\" data-element_type=\"column\" data-e-type=\"column\">\n\t\t\t<div class=\"elementor-widget-wrap elementor-element-populated\">\n\t\t\t\t\t\t<div class=\"elementor-element elementor-element-8f1a18e elementor--h-position-left elementor--v-position-middle elementor-pagination-position-inside elementor-widget elementor-widget-slides\" data-id=\"8f1a18e\" data-element_type=\"widget\" data-e-type=\"widget\" data-settings=\"{&quot;navigation&quot;:&quot;dots&quot;,&quot;autoplay_speed&quot;:100000,&quot;transition_speed&quot;:1000,&quot;autoplay&quot;:&quot;yes&quot;,&quot;pause_on_hover&quot;:&quot;yes&quot;,&quot;pause_on_interaction&quot;:&quot;yes&quot;,&quot;infinite&quot;:&quot;yes&quot;,&quot;transition&quot;:&quot;slide&quot;}\" data-widget_type=\"slides.default\">\n\t\t\t\t<div class=\"elementor-widget-container\">\n\t\t\t\t\t\t\t\t\t<div class=\"elementor-swiper\">\n\t\t\t\t\t<div class=\"elementor-slides-wrapper elementor-main-swiper swiper\" role=\"region\" aria-roledescription=\"carousel\" aria-label=\"Slides\" dir=\"ltr\" data-animation=\"fadeInUp\">\n\t\t\t\t<div class=\"swiper-wrapper elementor-slides\">\n\t\t\t\t\t\t\t\t\t\t<div class=\"elementor-repeater-item-c13e9e8 swiper-slide\" role=\"group\" aria-roledescription=\"slide\"><div class=\"swiper-slide-bg\"><\/div><div class=\"swiper-slide-inner\" ><div class=\"swiper-slide-contents\"><div class=\"elementor-slide-heading\"><b>Re\u021bele \u0219i robotic\u0103<\/b><\/div><div class=\"elementor-slide-description\">Compania noastr\u0103 ofer\u0103 servicii de gestionare al parc\u0103rilor de automobile interioare sau stradale. Acest lucru este esen\u021bial, av\u00e2nd \u00een vedere cre\u0219terea constant\u0103 a num\u0103rului de automobile care necesit\u0103 o logistic\u0103 bine pus\u0103 la punct. Utilizarea solu\u021biilor de parcare \u0219i taxare confer\u0103 un caracter de siguran\u021b\u0103 \u0219i control al accesului \u00een parc\u0103ri.<\/div><\/div><\/div><\/div>\t\t\t\t<\/div>\n\t\t\t\t\t\t\t<\/div>\n\t\t\t\t<\/div>\n\t\t\t\t\t\t\t\t<\/div>\n\t\t\t\t<\/div>\n\t\t\t\t\t<\/div>\n\t\t<\/div>\n\t\t\t\t<div class=\"elementor-column elementor-col-50 elementor-top-column elementor-element elementor-element-280d9c7\" data-id=\"280d9c7\" data-element_type=\"column\" data-e-type=\"column\">\n\t\t\t<div class=\"elementor-widget-wrap\">\n\t\t\t\t\t\t\t<\/div>\n\t\t<\/div>\n\t\t\t\t\t<\/div>\n\t\t<\/section>\n\t\t\t\t<section class=\"elementor-section elementor-top-section elementor-element elementor-element-c7fd940 elementor-section-boxed elementor-section-height-default elementor-section-height-default\" data-id=\"c7fd940\" data-element_type=\"section\" data-e-type=\"section\" data-settings=\"{&quot;background_background&quot;:&quot;classic&quot;}\">\n\t\t\t\t\t\t<div class=\"elementor-container elementor-column-gap-default\">\n\t\t\t\t\t<div class=\"elementor-column elementor-col-100 elementor-top-column elementor-element elementor-element-86b58e9\" data-id=\"86b58e9\" data-element_type=\"column\" data-e-type=\"column\">\n\t\t\t<div class=\"elementor-widget-wrap elementor-element-populated\">\n\t\t\t\t\t\t<div class=\"elementor-element elementor-element-d984a14 elementor-widget elementor-widget-heading\" data-id=\"d984a14\" data-element_type=\"widget\" data-e-type=\"widget\" data-widget_type=\"heading.default\">\n\t\t\t\t<div class=\"elementor-widget-container\">\n\t\t\t\t\t<h4 class=\"elementor-heading-title elementor-size-default\">1.\tSisteme de parcare \u0219i taxare<\/h4>\t\t\t\t<\/div>\n\t\t\t\t<\/div>\n\t\t\t\t<div class=\"elementor-element elementor-element-1e82848 elementor-widget elementor-widget-text-editor\" data-id=\"1e82848\" data-element_type=\"widget\" data-e-type=\"widget\" data-widget_type=\"text-editor.default\">\n\t\t\t\t<div class=\"elementor-widget-container\">\n\t\t\t\t\t\t\t\t\tCompania noastr\u0103 ofer\u0103 servicii de gestionare al parc\u0103rilor de automobile interioare sau stradale. Acest lucru este esen\u021bial, av\u00e2nd \u00een vedere cre\u0219terea constant\u0103 a num\u0103rului de automobile care necesit\u0103 o logistic\u0103 bine pus\u0103 la punct. Utilizarea solu\u021biilor de parcare \u0219i taxare confer\u0103 un caracter de siguran\u021b\u0103 \u0219i control al accesului \u00een parc\u0103ri.\r\n\r\nPunem la dispozi\u021bie :\r\n<ul>\r\n \t<li>Echipamente certificate \u0219i profesionale<\/li>\r\n \t<li>Instala\u021bii electrice, complete, \u0219i asigurarea func\u021bion\u0103rii acestora<\/li>\r\n \t<li>Proiectoare<\/li>\r\n \t<li>Integr\u0103ri \u00een sisteme Building Management<\/li>\r\n \t<li>Proiectarea dispozitivelor de parcare<\/li>\r\n \t<li>Proiectarea pl\u0103cilor de dezvoltare. Aici ne referim la senzori de parcare, dispozitive inteligente din cas\u0103, localiz\u0103ri GPS, etc.<\/li>\r\n<\/ul>\t\t\t\t\t\t\t\t<\/div>\n\t\t\t\t<\/div>\n\t\t\t\t<div class=\"elementor-element elementor-element-9e1106b elementor-widget elementor-widget-heading\" data-id=\"9e1106b\" data-element_type=\"widget\" data-e-type=\"widget\" data-widget_type=\"heading.default\">\n\t\t\t\t<div class=\"elementor-widget-container\">\n\t\t\t\t\t<h4 class=\"elementor-heading-title elementor-size-default\">2.\tSisteme sonore de re\u021bea voce-date, cablare structurat\u0103<\/h4>\t\t\t\t<\/div>\n\t\t\t\t<\/div>\n\t\t\t\t<div class=\"elementor-element elementor-element-2651f14 elementor-widget elementor-widget-text-editor\" data-id=\"2651f14\" data-element_type=\"widget\" data-e-type=\"widget\" data-widget_type=\"text-editor.default\">\n\t\t\t\t<div class=\"elementor-widget-container\">\n\t\t\t\t\t\t\t\t\tOferim solu\u021bii profesionale de sonorizare complet\u0103 c\u00e2t \u0219i alarme vocale \u00een caz de incendiu. Dispunem de echipamentele certificate profesionale, punerea \u00een func\u021biune a instala\u021biilor, re\u021belistic\u0103, sisteme integrate \u0219i instalarea \u0219i configurarea serverelor (Linux, Windows)\t\t\t\t\t\t\t\t<\/div>\n\t\t\t\t<\/div>\n\t\t\t\t<div class=\"elementor-element elementor-element-7f9e538 elementor-widget elementor-widget-heading\" data-id=\"7f9e538\" data-element_type=\"widget\" data-e-type=\"widget\" data-widget_type=\"heading.default\">\n\t\t\t\t<div class=\"elementor-widget-container\">\n\t\t\t\t\t<h4 class=\"elementor-heading-title elementor-size-default\">3.\tSisteme de sonorizare profesionale<\/h4>\t\t\t\t<\/div>\n\t\t\t\t<\/div>\n\t\t\t\t<div class=\"elementor-element elementor-element-6a3d22f elementor-widget elementor-widget-text-editor\" data-id=\"6a3d22f\" data-element_type=\"widget\" data-e-type=\"widget\" data-widget_type=\"text-editor.default\">\n\t\t\t\t<div class=\"elementor-widget-container\">\n\t\t\t\t\t\t\t\t\t<strong>Oferim sisteme pentru:<\/strong>\r\n<ul>\r\n \t<li>Cl\u0103diri<\/li>\r\n \t<li>Cinema<\/li>\r\n \t<li>S\u0103li de prezentare<\/li>\r\n \t<li>Showroom<\/li>\r\n \t<li>Alarme vocale<\/li>\r\n \t<li>Integr\u0103ri \u00een sisteme BMS<\/li>\r\n<\/ul>\t\t\t\t\t\t\t\t<\/div>\n\t\t\t\t<\/div>\n\t\t\t\t<div class=\"elementor-element elementor-element-8be4b11 elementor-widget elementor-widget-heading\" data-id=\"8be4b11\" data-element_type=\"widget\" data-e-type=\"widget\" data-widget_type=\"heading.default\">\n\t\t\t\t<div class=\"elementor-widget-container\">\n\t\t\t\t\t<h2 class=\"elementor-heading-title elementor-size-default\">Robotic\u0103<\/h2>\t\t\t\t<\/div>\n\t\t\t\t<\/div>\n\t\t\t\t<div class=\"elementor-element elementor-element-7afb5a6 elementor-widget elementor-widget-text-editor\" data-id=\"7afb5a6\" data-element_type=\"widget\" data-e-type=\"widget\" data-widget_type=\"text-editor.default\">\n\t\t\t\t<div class=\"elementor-widget-container\">\n\t\t\t\t\t\t\t\t\tConstruim robo\u021bi personaliza\u021bi pentru persoane fizice \u0219i juridice, pentru u\u0219urarea activit\u0103\u021bilor, pe baza inteligen\u021bei artificiale.\r\n\r\nRobotica se bazeaz\u0103 pe designul, construirea, operarea \u0219i utilizarea robo\u021bilor. Ei sunt crea\u021bi pentru a asista munca uman\u0103, \u0219i a cre\u0219te nivelul de productivitate. De la domeniul industriei mecanice, p\u00e2n\u0103 la ingineria software, punem la dispozi\u021bie astfel de construc\u021bii, \u00een conformitate cu nevoile dumneavoastr\u0103.\t\t\t\t\t\t\t\t<\/div>\n\t\t\t\t<\/div>\n\t\t\t\t\t<\/div>\n\t\t<\/div>\n\t\t\t\t\t<\/div>\n\t\t<\/section>\n\t\t\t\t<section class=\"elementor-section elementor-top-section elementor-element elementor-element-8d3ef99 elementor-section-boxed elementor-section-height-default elementor-section-height-default\" data-id=\"8d3ef99\" data-element_type=\"section\" data-e-type=\"section\" data-settings=\"{&quot;background_background&quot;:&quot;classic&quot;}\">\n\t\t\t\t\t\t<div class=\"elementor-container elementor-column-gap-default\">\n\t\t\t\t\t<div class=\"elementor-column elementor-col-100 elementor-top-column elementor-element elementor-element-b2c3d35\" data-id=\"b2c3d35\" data-element_type=\"column\" data-e-type=\"column\" data-settings=\"{&quot;background_background&quot;:&quot;classic&quot;}\">\n\t\t\t<div class=\"elementor-widget-wrap elementor-element-populated\">\n\t\t\t\t\t\t<div class=\"elementor-element elementor-element-9070b70 elementor-widget elementor-widget-heading\" data-id=\"9070b70\" data-element_type=\"widget\" data-e-type=\"widget\" data-widget_type=\"heading.default\">\n\t\t\t\t<div class=\"elementor-widget-container\">\n\t\t\t\t\t<h2 class=\"elementor-heading-title elementor-size-default\">Servicii<\/h2>\t\t\t\t<\/div>\n\t\t\t\t<\/div>\n\t\t\t\t<section class=\"elementor-section elementor-inner-section elementor-element elementor-element-b49f4f2 elementor-section-boxed elementor-section-height-default elementor-section-height-default\" data-id=\"b49f4f2\" data-element_type=\"section\" data-e-type=\"section\">\n\t\t\t\t\t\t<div class=\"elementor-container elementor-column-gap-default\">\n\t\t\t\t\t<div class=\"elementor-column elementor-col-33 elementor-inner-column elementor-element elementor-element-9c47a97\" data-id=\"9c47a97\" data-element_type=\"column\" data-e-type=\"column\" data-settings=\"{&quot;background_background&quot;:&quot;classic&quot;}\">\n\t\t\t<div class=\"elementor-widget-wrap elementor-element-populated\">\n\t\t\t\t\t\t<div class=\"elementor-element elementor-element-1f22460 elementor-position-top elementor-widget elementor-widget-image-box\" data-id=\"1f22460\" data-element_type=\"widget\" data-e-type=\"widget\" data-widget_type=\"image-box.default\">\n\t\t\t\t<div class=\"elementor-widget-container\">\n\t\t\t\t\t<div class=\"elementor-image-box-wrapper\"><figure class=\"elementor-image-box-img\"><a href=\"https:\/\/avestim.com\/ro\/servicii\/securitate-cibernica-pentesting\/\" tabindex=\"-1\"><img decoding=\"async\" width=\"107\" height=\"100\" src=\"https:\/\/avestim.com\/wp-content\/uploads\/2022\/05\/Vector-1.png\" class=\"attachment-full size-full wp-image-1440\" alt=\"\" \/><\/a><\/figure><div class=\"elementor-image-box-content\"><h3 class=\"elementor-image-box-title\"><a href=\"https:\/\/avestim.com\/ro\/servicii\/securitate-cibernica-pentesting\/\">Securitate <br>cibernetic\u0103<\/a><\/h3><p class=\"elementor-image-box-description\">Securitatea cibernetic\u0103 este aplicarea tehnologiilor \u0219i proceselor pentru a proteja sistemele, re\u021belele, dispozitivele \u0219i datele de atacurile cibernetice.<\/p><\/div><\/div>\t\t\t\t<\/div>\n\t\t\t\t<\/div>\n\t\t\t\t<div class=\"elementor-element elementor-element-0f7c85c elementor-align-center elementor-widget elementor-widget-button\" data-id=\"0f7c85c\" data-element_type=\"widget\" data-e-type=\"widget\" data-widget_type=\"button.default\">\n\t\t\t\t<div class=\"elementor-widget-container\">\n\t\t\t\t\t\t\t\t\t<div class=\"elementor-button-wrapper\">\n\t\t\t\t\t<a class=\"elementor-button elementor-button-link elementor-size-sm\" href=\"https:\/\/avestim.com\/ro\/servicii\/securitate-cibernica-pentesting\/\">\n\t\t\t\t\t\t<span class=\"elementor-button-content-wrapper\">\n\t\t\t\t\t\t\t\t\t<span class=\"elementor-button-text\">Detalii<\/span>\n\t\t\t\t\t<\/span>\n\t\t\t\t\t<\/a>\n\t\t\t\t<\/div>\n\t\t\t\t\t\t\t\t<\/div>\n\t\t\t\t<\/div>\n\t\t\t\t\t<\/div>\n\t\t<\/div>\n\t\t\t\t<div class=\"elementor-column elementor-col-33 elementor-inner-column elementor-element elementor-element-8f498d3\" data-id=\"8f498d3\" data-element_type=\"column\" data-e-type=\"column\" data-settings=\"{&quot;background_background&quot;:&quot;classic&quot;}\">\n\t\t\t<div class=\"elementor-widget-wrap elementor-element-populated\">\n\t\t\t\t\t\t<div class=\"elementor-element elementor-element-50361ba elementor-position-top elementor-widget elementor-widget-image-box\" data-id=\"50361ba\" data-element_type=\"widget\" data-e-type=\"widget\" data-widget_type=\"image-box.default\">\n\t\t\t\t<div class=\"elementor-widget-container\">\n\t\t\t\t\t<div class=\"elementor-image-box-wrapper\"><figure class=\"elementor-image-box-img\"><a href=\"https:\/\/avestim.com\/ro\/servicii\/dezvoltare-hardware\/\" tabindex=\"-1\"><img decoding=\"async\" width=\"100\" height=\"100\" src=\"https:\/\/avestim.com\/wp-content\/uploads\/2022\/05\/Vector-1-1.png\" class=\"attachment-full size-full wp-image-1443\" alt=\"\" \/><\/a><\/figure><div class=\"elementor-image-box-content\"><h3 class=\"elementor-image-box-title\"><a href=\"https:\/\/avestim.com\/ro\/servicii\/dezvoltare-hardware\/\">Dezvoltare <br> Hardware<\/a><\/h3><p class=\"elementor-image-box-description\">\u00cen acest segment de tehnologie, ne baz\u0103m pe construc\u021bia propriu-zis\u0103 a prototipurilor pentru securitate. <\/p><\/div><\/div>\t\t\t\t<\/div>\n\t\t\t\t<\/div>\n\t\t\t\t<div class=\"elementor-element elementor-element-9ee2e28 elementor-align-center elementor-widget elementor-widget-button\" data-id=\"9ee2e28\" data-element_type=\"widget\" data-e-type=\"widget\" data-widget_type=\"button.default\">\n\t\t\t\t<div class=\"elementor-widget-container\">\n\t\t\t\t\t\t\t\t\t<div class=\"elementor-button-wrapper\">\n\t\t\t\t\t<a class=\"elementor-button elementor-button-link elementor-size-sm\" href=\"https:\/\/avestim.com\/ro\/servicii\/dezvoltare-hardware\/\">\n\t\t\t\t\t\t<span class=\"elementor-button-content-wrapper\">\n\t\t\t\t\t\t\t\t\t<span class=\"elementor-button-text\">Detalii<\/span>\n\t\t\t\t\t<\/span>\n\t\t\t\t\t<\/a>\n\t\t\t\t<\/div>\n\t\t\t\t\t\t\t\t<\/div>\n\t\t\t\t<\/div>\n\t\t\t\t\t<\/div>\n\t\t<\/div>\n\t\t\t\t<div class=\"elementor-column elementor-col-33 elementor-inner-column elementor-element elementor-element-aab9a8d\" data-id=\"aab9a8d\" data-element_type=\"column\" data-e-type=\"column\" data-settings=\"{&quot;background_background&quot;:&quot;classic&quot;}\">\n\t\t\t<div class=\"elementor-widget-wrap elementor-element-populated\">\n\t\t\t\t\t\t<div class=\"elementor-element elementor-element-9884369 elementor-position-top elementor-widget elementor-widget-image-box\" data-id=\"9884369\" data-element_type=\"widget\" data-e-type=\"widget\" data-widget_type=\"image-box.default\">\n\t\t\t\t<div class=\"elementor-widget-container\">\n\t\t\t\t\t<div class=\"elementor-image-box-wrapper\"><figure class=\"elementor-image-box-img\"><a href=\"https:\/\/avestim.com\/ro\/servicii\/servicii-cloud-personalizate\/\" tabindex=\"-1\"><img decoding=\"async\" width=\"100\" height=\"100\" src=\"https:\/\/avestim.com\/wp-content\/uploads\/2022\/05\/Vector-3.png\" class=\"attachment-full size-full wp-image-1441\" alt=\"\" \/><\/a><\/figure><div class=\"elementor-image-box-content\"><h3 class=\"elementor-image-box-title\"><a href=\"https:\/\/avestim.com\/ro\/servicii\/servicii-cloud-personalizate\/\">Servicii cloud <br> personalizate<\/a><\/h3><p class=\"elementor-image-box-description\">Compania noastra ofera servere cloud, personalizate cu securitate inclusa si solutii de backup pentru atacuri cibernetice.Cum func\u021bioneaz\u0103 serviciile cloud?<\/p><\/div><\/div>\t\t\t\t<\/div>\n\t\t\t\t<\/div>\n\t\t\t\t<div class=\"elementor-element elementor-element-62ec88a elementor-align-center elementor-widget elementor-widget-button\" data-id=\"62ec88a\" data-element_type=\"widget\" data-e-type=\"widget\" data-widget_type=\"button.default\">\n\t\t\t\t<div class=\"elementor-widget-container\">\n\t\t\t\t\t\t\t\t\t<div class=\"elementor-button-wrapper\">\n\t\t\t\t\t<a class=\"elementor-button elementor-button-link elementor-size-sm\" href=\"https:\/\/avestim.com\/ro\/servicii\/servicii-cloud-personalizate\/\">\n\t\t\t\t\t\t<span class=\"elementor-button-content-wrapper\">\n\t\t\t\t\t\t\t\t\t<span class=\"elementor-button-text\">Detalii<\/span>\n\t\t\t\t\t<\/span>\n\t\t\t\t\t<\/a>\n\t\t\t\t<\/div>\n\t\t\t\t\t\t\t\t<\/div>\n\t\t\t\t<\/div>\n\t\t\t\t\t<\/div>\n\t\t<\/div>\n\t\t\t\t\t<\/div>\n\t\t<\/section>\n\t\t\t\t\t<\/div>\n\t\t<\/div>\n\t\t\t\t\t<\/div>\n\t\t<\/section>\n\t\t\t\t<\/div>\n\t\t","protected":false},"excerpt":{"rendered":"<p>Re\u021bele \u0219i robotic\u0103Compania noastr\u0103 ofer\u0103 servicii de gestionare al parc\u0103rilor de automobile interioare sau stradale. Acest lucru este esen\u021bial, av\u00e2nd \u00een vedere cre\u0219terea constant\u0103 a num\u0103rului de automobile care necesit\u0103 o logistic\u0103 bine pus\u0103 la punct. Utilizarea solu\u021biilor de parcare \u0219i taxare confer\u0103 un caracter de siguran\u021b\u0103 \u0219i control al accesului \u00een parc\u0103ri. 1. Sisteme [&hellip;]<\/p>\n","protected":false},"author":2,"featured_media":0,"parent":1565,"menu_order":0,"comment_status":"closed","ping_status":"closed","template":"","meta":{"site-sidebar-layout":"no-sidebar","site-content-layout":"page-builder","ast-site-content-layout":"default","site-content-style":"default","site-sidebar-style":"default","ast-global-header-display":"","ast-banner-title-visibility":"","ast-main-header-display":"","ast-hfb-above-header-display":"","ast-hfb-below-header-display":"","ast-hfb-mobile-header-display":"","site-post-title":"disabled","ast-breadcrumbs-content":"disabled","ast-featured-img":"disabled","footer-sml-layout":"","ast-disable-related-posts":"","theme-transparent-header-meta":"enabled","adv-header-id-meta":"","stick-header-meta":"","header-above-stick-meta":"","header-main-stick-meta":"","header-below-stick-meta":"","astra-migrate-meta-layouts":"default","ast-page-background-enabled":"default","ast-page-background-meta":{"desktop":{"background-color":"","background-image":"","background-repeat":"repeat","background-position":"center center","background-size":"auto","background-attachment":"scroll","background-type":"","background-media":"","overlay-type":"","overlay-color":"","overlay-opacity":"","overlay-gradient":""},"tablet":{"background-color":"","background-image":"","background-repeat":"repeat","background-position":"center center","background-size":"auto","background-attachment":"scroll","background-type":"","background-media":"","overlay-type":"","overlay-color":"","overlay-opacity":"","overlay-gradient":""},"mobile":{"background-color":"","background-image":"","background-repeat":"repeat","background-position":"center center","background-size":"auto","background-attachment":"scroll","background-type":"","background-media":"","overlay-type":"","overlay-color":"","overlay-opacity":"","overlay-gradient":""}},"ast-content-background-meta":{"desktop":{"background-color":"var(--ast-global-color-5)","background-image":"","background-repeat":"repeat","background-position":"center center","background-size":"auto","background-attachment":"scroll","background-type":"","background-media":"","overlay-type":"","overlay-color":"","overlay-opacity":"","overlay-gradient":""},"tablet":{"background-color":"var(--ast-global-color-5)","background-image":"","background-repeat":"repeat","background-position":"center center","background-size":"auto","background-attachment":"scroll","background-type":"","background-media":"","overlay-type":"","overlay-color":"","overlay-opacity":"","overlay-gradient":""},"mobile":{"background-color":"var(--ast-global-color-5)","background-image":"","background-repeat":"repeat","background-position":"center center","background-size":"auto","background-attachment":"scroll","background-type":"","background-media":"","overlay-type":"","overlay-color":"","overlay-opacity":"","overlay-gradient":""}},"footnotes":""},"class_list":["post-1579","page","type-page","status-publish","hentry"],"aioseo_notices":[],"_links":{"self":[{"href":"https:\/\/avestim.com\/ro\/wp-json\/wp\/v2\/pages\/1579","targetHints":{"allow":["GET"]}}],"collection":[{"href":"https:\/\/avestim.com\/ro\/wp-json\/wp\/v2\/pages"}],"about":[{"href":"https:\/\/avestim.com\/ro\/wp-json\/wp\/v2\/types\/page"}],"author":[{"embeddable":true,"href":"https:\/\/avestim.com\/ro\/wp-json\/wp\/v2\/users\/2"}],"replies":[{"embeddable":true,"href":"https:\/\/avestim.com\/ro\/wp-json\/wp\/v2\/comments?post=1579"}],"version-history":[{"count":6,"href":"https:\/\/avestim.com\/ro\/wp-json\/wp\/v2\/pages\/1579\/revisions"}],"predecessor-version":[{"id":1768,"href":"https:\/\/avestim.com\/ro\/wp-json\/wp\/v2\/pages\/1579\/revisions\/1768"}],"up":[{"embeddable":true,"href":"https:\/\/avestim.com\/ro\/wp-json\/wp\/v2\/pages\/1565"}],"wp:attachment":[{"href":"https:\/\/avestim.com\/ro\/wp-json\/wp\/v2\/media?parent=1579"}],"curies":[{"name":"wp","href":"https:\/\/api.w.org\/{rel}","templated":true}]}}