{"id":1585,"date":"2022-05-13T08:30:54","date_gmt":"2022-05-13T08:30:54","guid":{"rendered":"https:\/\/avestim.com\/politica-cookie\/"},"modified":"2022-05-20T09:24:21","modified_gmt":"2022-05-20T09:24:21","slug":"politica-cookie","status":"publish","type":"page","link":"https:\/\/avestim.com\/ro\/politica-cookie\/","title":{"rendered":"Politica cookie"},"content":{"rendered":"\t\t<div data-elementor-type=\"wp-page\" data-elementor-id=\"1585\" class=\"elementor elementor-1585 elementor-1189\" data-elementor-post-type=\"page\">\n\t\t\t\t\t\t<section class=\"elementor-section elementor-top-section elementor-element elementor-element-fb72075 elementor-section-boxed elementor-section-height-default elementor-section-height-default\" data-id=\"fb72075\" data-element_type=\"section\" data-e-type=\"section\" data-settings=\"{&quot;background_background&quot;:&quot;classic&quot;}\">\n\t\t\t\t\t\t<div class=\"elementor-container elementor-column-gap-default\">\n\t\t\t\t\t<div class=\"elementor-column elementor-col-100 elementor-top-column elementor-element elementor-element-ce7ad29\" data-id=\"ce7ad29\" data-element_type=\"column\" data-e-type=\"column\">\n\t\t\t<div class=\"elementor-widget-wrap elementor-element-populated\">\n\t\t\t\t\t\t<div class=\"elementor-element elementor-element-bf9df82 elementor-widget elementor-widget-text-editor\" data-id=\"bf9df82\" data-element_type=\"widget\" data-e-type=\"widget\" data-widget_type=\"text-editor.default\">\n\t\t\t\t<div class=\"elementor-widget-container\">\n\t\t\t\t\t\t\t\t\t<h1>POLITICA COOKIE<\/h1>\r\n<h3>CE SUNT COOKIES? CE ESTE UN COOKIE?<\/h3>\r\nCookie-urile sunt fi\u0219iere mici care sunt stocate pe computerul unui utilizator. Acestea sunt concepute pentru a con\u021bine o cantitate modest\u0103 de date specifice site-ului \u0219i a site-ului web \u0219i pot fi accesate fie de serverul web, fie de computerul client. Acest lucru permite serverului s\u0103 livreze o pagin\u0103 adaptat\u0103 unui anumit utilizator, sau pagina \u00een sine poate con\u021bine un script care con\u021bine datele cookie \u0219i, astfel, poate transporta informa\u021bii de la o vizit\u0103 la urm\u0103torul site web (sau site-ul web). .\r\n<h3>COOKIILE SUNT ACTIVATE \u00ceN BROWSERUL MEU?<\/h3>\r\nPentru a verifica dac\u0103 browserul dvs. este configurat pentru a permite cookie-urile, accesa\u021bi Cookie Checker. Aceast\u0103 pagin\u0103 va \u00eencerca s\u0103 creeze un cookie \u0219i s\u0103 raporteze dac\u0103 a reu\u0219it sau nu.\r\n\r\nPentru informa\u021bii despre cum s\u0103 activa\u021bi sau s\u0103 dezactiva\u021bi cookie-urile, consulta\u021bi \u201eActivarea cookie-urilor\u201d.\r\n\r\nPentru informa\u021bii despre \u0219tergerea \u0219i \u0219tergerea cookie-urilor, consulta\u021bi \u201e\u0218tergerea cookie-urilor\u201d.\r\n\r\nPot vizualiza \/ vizualiza cookie-urile pe care le am pe computerul meu?\r\n\r\nMajoritatea browserelor au un ecran de configurare care permite utilizatorului s\u0103 vad\u0103 ce cookie-uri au fost stocate pe computer \u0219i s\u0103 le \u0219tearg\u0103 op\u021bional. Pentru mai multe informa\u021bii, consulta\u021bi pagina de previzualizare a cookie-urilor.\r\n\r\nV\u0103 rug\u0103m s\u0103 re\u021bine\u021bi c\u0103 nu este posibil ca o pagin\u0103 web s\u0103 vizualizeze cookie-urile setate de alte site-uri, deoarece acestea ar constitui o problem\u0103 de confiden\u021bialitate \u0219i securitate.\r\n<h3>CE ESTE \u00ceN COOKIE?<\/h3>\r\nFiecare cookie este efectiv un mic tabel de c\u0103utare care con\u021bine perechi de valori (cheie, date) &#8211; de exemplu (prenume, John) (prenume, Smith). Dup\u0103 ce cookie-ul a fost citit de codul de pe server sau computerul client, datele pot fi recuperate \u0219i utilizate pentru a personaliza corect pagina web.\r\n\r\nC\u00e2nd sunt create cookie-urile?\r\n\r\nScrierea datelor pe un cookie se face de obicei atunci c\u00e2nd se \u00eencarc\u0103 o nou\u0103 pagin\u0103 web &#8211; de exemplu, dup\u0103 ap\u0103sarea unui buton \u201eTrimite\u201d, pagina de gestionare a datelor va fi responsabil\u0103 pentru stocarea valorilor \u00eentr-un cookie. Dac\u0103 utilizatorul a ales s\u0103 dezactiveze cookie-urile, atunci opera\u021biunea de scriere nu va reu\u0219i, iar site-urile ulterioare care se bazeaz\u0103 pe cookie vor trebui s\u0103 \u00eentreprind\u0103 o ac\u021biune implicit\u0103 sau s\u0103 solicite utilizatorului s\u0103 reintroduc\u0103 informa\u021biile stocate \u00een cookie.\r\n<h3>DE CE SE FOLOSESC COOKIURILE?<\/h3>\r\nCookie-urile sunt o modalitate convenabil\u0103 de a transporta informa\u021bii de la o sesiune pe un site web la altul sau \u00eentre sesiuni pe site-uri web conexe, f\u0103r\u0103 a fi nevoie s\u0103 \u00eenc\u0103rca\u021bi o ma\u0219in\u0103 server cu cantit\u0103\u021bi masive de stocare a datelor. Stocarea datelor pe server f\u0103r\u0103 utilizarea cookie-urilor ar fi, de asemenea, problematic\u0103, deoarece ar fi dificil s\u0103 ob\u021bine\u021bi informa\u021biile unui anumit utilizator f\u0103r\u0103 a necesita o autentificare la fiecare vizit\u0103 a site-ului web.\r\n\r\nDac\u0103 exist\u0103 o cantitate mare de informa\u021bii de stocat, atunci un cookie poate fi folosit pur \u0219i simplu ca mijloc de identificare a unui anumit utilizator, astfel \u00eenc\u00e2t informa\u021bii suplimentare conexe s\u0103 poat\u0103 fi c\u0103utate \u00eentr-o baz\u0103 de date de pe server. De exemplu, prima dat\u0103 c\u00e2nd un utilizator viziteaz\u0103 un site, poate alege un nume de utilizator care este stocat \u00een cookie \u0219i apoi poate furniza date precum parol\u0103, nume, adres\u0103, dimensiunea preferat\u0103 a fontului, aspectul paginii etc. &#8211; toate aceste informa\u021bii ar fi stocate \u00een baza de date folosind numele de utilizator ca cheie. Mai t\u00e2rziu, c\u00e2nd site-ul este revizuit, serverul va citi cookie-ul pentru a g\u0103si numele de utilizator \u0219i apoi va prelua toate informa\u021biile despre utilizator din baza de date f\u0103r\u0103 a le reintroduce.\r\n<h3>C\u00c2T DUREAZ\u0102 UN COOKIE?<\/h3>\r\nTimpul de expirare al unui cookie poate fi setat atunci c\u00e2nd cookie-ul este creat. \u00cen mod implicit, cookie-ul este distrus c\u00e2nd fereastra curent\u0103 a browserului este \u00eenchis\u0103, dar o perioad\u0103 arbitrar\u0103 poate persista dup\u0103 aceea.\r\n<h3>Cine poate accesa cookie-urile?<\/h3>\r\nC\u00e2nd este creat un cookie, este posibil s\u0103-i controlezi vizibilitatea prin setarea \u201edomeniului r\u0103d\u0103cin\u0103\u201d. Apoi va fi accesibil oric\u0103rei adrese URL apar\u021bin\u00e2nd r\u0103d\u0103cinii respective. De exemplu, r\u0103d\u0103cina ar putea fi setat\u0103 la \u201ewhatarecookies.com\u201d, iar cookie-ul ar fi apoi disponibil pentru site-urile \u201ewww.whatarecookies.com\u201d sau \u201exyz.whatarecookies.com\u201d sau \u201ewhatarecookies.com\u201d. Aceasta poate fi utilizat\u0103 pentru a permite paginilor conexe s\u0103 \u201ecomunice\u201d \u00eentre ele. Nu este posibil s\u0103 seta\u021bi domeniul r\u0103d\u0103cin\u0103 la domenii de \u201enivel superior\u201d, cum ar fi \u201e.com\u201d sau \u201e.co.uk\u201d, deoarece acest lucru ar permite accesul larg la cookie.\r\n\r\n\u00cen mod implicit, cookie-urile sunt vizibile pentru toate c\u0103ile din domeniul lor, dar \u00een momentul cre\u0103rii, acestea pot fi restric\u021bionate la un anumit subpath &#8211; de exemplu \u201ewww.whatarecookies.com\/images\u201d.\r\n\r\nExist\u0103 multe \u00eengrijor\u0103ri cu privire la confiden\u021bialitate \u0219i securitate pe Internet. Cookie-urile nu reprezint\u0103, \u00een sine, o amenin\u021bare la adresa confiden\u021bialit\u0103\u021bii, deoarece pot fi utilizate doar pentru a stoca informa\u021bii pe care utilizatorul le-a furnizat \u00een mod voluntar sau le are deja cu serverul web. De\u0219i aceste informa\u021bii pot fi puse la dispozi\u021bia anumitor site-uri web ale unor ter\u021be p\u0103r\u021bi, nu este mai r\u0103u dec\u00e2t stocarea acestora \u00eentr-o baz\u0103 de date central\u0103. Dac\u0103 sunte\u021bi \u00eengrijorat de faptul c\u0103 informa\u021biile pe care le furniza\u021bi unui server web nu vor fi considerate confiden\u021biale, atunci ar trebui s\u0103 v\u0103 \u00eentreba\u021bi dac\u0103 de fapt trebuie s\u0103 furniza\u021bi aceste informa\u021bii.\r\n<h3>Ce sunt cookie-urile de urm\u0103rire?<\/h3>\r\nUnele site-uri comerciale includ materiale publicitare \u00eencorporate care sunt furnizate de la un site ter\u021b\u0103 parte, iar astfel de reclame pot stoca un cookie pentru acel site ter\u021b\u0103 parte, care con\u021bine informa\u021bii care le sunt furnizate de pe site-ul care con\u021bine &#8211; astfel de informa\u021bii pot include numele ale site-ului, anumite produse vizualizate, pagini vizitate etc. Atunci c\u00e2nd utilizatorul viziteaz\u0103 ulterior un alt site care con\u021bine un anun\u021b \u00eencorporat similar de pe acela\u0219i site ter\u021b, agentul de publicitate va putea citi cookie-ul \u0219i \u00eel poate utiliza pentru a determina unele informa\u021bii despre istoricul de navigare al utilizatorului.\t\t\t\t\t\t\t\t<\/div>\n\t\t\t\t<\/div>\n\t\t\t\t\t<\/div>\n\t\t<\/div>\n\t\t\t\t\t<\/div>\n\t\t<\/section>\n\t\t\t\t<\/div>\n\t\t","protected":false},"excerpt":{"rendered":"<p>POLITICA COOKIE CE SUNT COOKIES? CE ESTE UN COOKIE? Cookie-urile sunt fi\u0219iere mici care sunt stocate pe computerul unui utilizator. Acestea sunt concepute pentru a con\u021bine o cantitate modest\u0103 de date specifice site-ului \u0219i a site-ului web \u0219i pot fi accesate fie de serverul web, fie de computerul client. Acest lucru permite serverului s\u0103 livreze [&hellip;]<\/p>\n","protected":false},"author":2,"featured_media":0,"parent":0,"menu_order":0,"comment_status":"closed","ping_status":"closed","template":"","meta":{"site-sidebar-layout":"no-sidebar","site-content-layout":"page-builder","ast-site-content-layout":"default","site-content-style":"default","site-sidebar-style":"default","ast-global-header-display":"","ast-banner-title-visibility":"","ast-main-header-display":"","ast-hfb-above-header-display":"","ast-hfb-below-header-display":"","ast-hfb-mobile-header-display":"","site-post-title":"disabled","ast-breadcrumbs-content":"","ast-featured-img":"disabled","footer-sml-layout":"","ast-disable-related-posts":"","theme-transparent-header-meta":"","adv-header-id-meta":"","stick-header-meta":"","header-above-stick-meta":"","header-main-stick-meta":"","header-below-stick-meta":"","astra-migrate-meta-layouts":"default","ast-page-background-enabled":"default","ast-page-background-meta":{"desktop":{"background-color":"","background-image":"","background-repeat":"repeat","background-position":"center center","background-size":"auto","background-attachment":"scroll","background-type":"","background-media":"","overlay-type":"","overlay-color":"","overlay-opacity":"","overlay-gradient":""},"tablet":{"background-color":"","background-image":"","background-repeat":"repeat","background-position":"center center","background-size":"auto","background-attachment":"scroll","background-type":"","background-media":"","overlay-type":"","overlay-color":"","overlay-opacity":"","overlay-gradient":""},"mobile":{"background-color":"","background-image":"","background-repeat":"repeat","background-position":"center center","background-size":"auto","background-attachment":"scroll","background-type":"","background-media":"","overlay-type":"","overlay-color":"","overlay-opacity":"","overlay-gradient":""}},"ast-content-background-meta":{"desktop":{"background-color":"var(--ast-global-color-5)","background-image":"","background-repeat":"repeat","background-position":"center center","background-size":"auto","background-attachment":"scroll","background-type":"","background-media":"","overlay-type":"","overlay-color":"","overlay-opacity":"","overlay-gradient":""},"tablet":{"background-color":"var(--ast-global-color-5)","background-image":"","background-repeat":"repeat","background-position":"center center","background-size":"auto","background-attachment":"scroll","background-type":"","background-media":"","overlay-type":"","overlay-color":"","overlay-opacity":"","overlay-gradient":""},"mobile":{"background-color":"var(--ast-global-color-5)","background-image":"","background-repeat":"repeat","background-position":"center center","background-size":"auto","background-attachment":"scroll","background-type":"","background-media":"","overlay-type":"","overlay-color":"","overlay-opacity":"","overlay-gradient":""}},"footnotes":""},"class_list":["post-1585","page","type-page","status-publish","hentry"],"aioseo_notices":[],"_links":{"self":[{"href":"https:\/\/avestim.com\/ro\/wp-json\/wp\/v2\/pages\/1585","targetHints":{"allow":["GET"]}}],"collection":[{"href":"https:\/\/avestim.com\/ro\/wp-json\/wp\/v2\/pages"}],"about":[{"href":"https:\/\/avestim.com\/ro\/wp-json\/wp\/v2\/types\/page"}],"author":[{"embeddable":true,"href":"https:\/\/avestim.com\/ro\/wp-json\/wp\/v2\/users\/2"}],"replies":[{"embeddable":true,"href":"https:\/\/avestim.com\/ro\/wp-json\/wp\/v2\/comments?post=1585"}],"version-history":[{"count":1,"href":"https:\/\/avestim.com\/ro\/wp-json\/wp\/v2\/pages\/1585\/revisions"}],"predecessor-version":[{"id":1586,"href":"https:\/\/avestim.com\/ro\/wp-json\/wp\/v2\/pages\/1585\/revisions\/1586"}],"wp:attachment":[{"href":"https:\/\/avestim.com\/ro\/wp-json\/wp\/v2\/media?parent=1585"}],"curies":[{"name":"wp","href":"https:\/\/api.w.org\/{rel}","templated":true}]}}