{"id":1592,"date":"2022-05-13T08:25:21","date_gmt":"2022-05-13T08:25:21","guid":{"rendered":"https:\/\/avestim.com\/politica-de-confidentialitate\/"},"modified":"2022-05-20T09:29:35","modified_gmt":"2022-05-20T09:29:35","slug":"politica-de-confidentialitate","status":"publish","type":"page","link":"https:\/\/avestim.com\/ro\/politica-de-confidentialitate\/","title":{"rendered":"Politica de confiden\u0163ialitate"},"content":{"rendered":"\t\t<div data-elementor-type=\"wp-page\" data-elementor-id=\"1592\" class=\"elementor elementor-1592 elementor-1182\" data-elementor-post-type=\"page\">\n\t\t\t\t\t\t<section class=\"elementor-section elementor-top-section elementor-element elementor-element-b2a75ff elementor-section-boxed elementor-section-height-default elementor-section-height-default\" data-id=\"b2a75ff\" data-element_type=\"section\" data-e-type=\"section\">\n\t\t\t\t\t\t<div class=\"elementor-container elementor-column-gap-default\">\n\t\t\t\t\t<div class=\"elementor-column elementor-col-100 elementor-top-column elementor-element elementor-element-4066779\" data-id=\"4066779\" data-element_type=\"column\" data-e-type=\"column\">\n\t\t\t<div class=\"elementor-widget-wrap elementor-element-populated\">\n\t\t\t\t\t\t<div class=\"elementor-element elementor-element-bac665e elementor-widget elementor-widget-text-editor\" data-id=\"bac665e\" data-element_type=\"widget\" data-e-type=\"widget\" data-widget_type=\"text-editor.default\">\n\t\t\t\t<div class=\"elementor-widget-container\">\n\t\t\t\t\t\t\t\t\t<strong>Politica de confiden\u021bialitate<\/strong>\r\nPolitica de confiden\u021bialitate privind datele personale &#8211; Avertisment\r\nAvestim, prin intermediul site-ului avestim.com, se angajeaz\u0103 s\u0103 v\u0103 respecte confiden\u021bialitatea. Lu\u0103m date\r\nprotectia, securitatea si respectarea legislatiei privind protectia datelor cu caracter personal si\r\nconfiden\u021bialitate serios.\r\nAceast\u0103 politic\u0103 se aplic\u0103 tuturor dispozitivelor utilizate pentru accesarea site-ului avestim.com, smartphone-urilor \u0219i tabletelor. Dac\u0103\r\nnu sunte\u021bi de acord cu termenii \u0219i condi\u021biile privind utilizarea acestora (enumerate \u00een acest document \u0219i \u00een\r\nCondi\u021bii generale, Politica de confiden\u021bialitate, Drepturi de autor etc.), nu accesa\u021bi avestim.com\r\nConform cerin\u021belor Regulamentului general privind protec\u021bia datelor UE nr. 679\/2016,\r\nnumit\u0103 \u201eRegulamentul\u201d pentru protec\u021bia persoanelor cu privire la prelucrarea personalului\r\ndate \u0219i libera circula\u021bie a acestor date, avestim.com le gestioneaz\u0103 \u00een siguran\u021b\u0103 \u0219i numai pentru cele specificate\r\nscopuri, datele personale pe care le furniza\u021bi despre dvs. \u00een context, vizita\u021bi vestim.com\r\nVerific\u00e2nd c\u0103 sunte\u021bi de acord cu Termenii \u0219i Condi\u021biile Generale \u0219i cu informa\u021biile personale\r\npolitica de procesare sau prin continuarea utiliz\u0103rii site-ului \u0219i serviciilor noastre dup\u0103 citirea acestor politici, dvs\r\nsunt de acord cu aceast\u0103 politic\u0103.\r\n<strong>1. M\u0103suri<\/strong>\r\nAm luat toate m\u0103surile tehnice \u0219i organizatorice pentru a proteja datele:\r\n\u2022 securizarea bazelor de date;\r\n\u2022 permite \u0219tergerea conturilor personale;\r\n\u2022 alinierea termenilor \u0219i condi\u021biilor, a politicii de confiden\u021bialitate \u0219i a politicii privind utilizarea cookie-urilor\r\ncu noile reglement\u0103ri europene GDPR EU 2016\/679;\r\n\u2022 informa\u021bii clare cu privire la prelucrarea datelor cu caracter personal.\r\n<strong>2. Ce po\u021bi face<\/strong>\r\nUtiliza\u021bi parole sigure;\r\n\u2022 P\u0103stra\u021bi-v\u0103 dispozitivele \u00een siguran\u021b\u0103;\r\n\u2022 Proteja\u021bi-v\u0103 \u00eempotriva e-mailurilor spam;\r\n\u2022 Proteja\u021bi copiii online.\r\nMai jos sunt c\u00e2teva exemple de situa\u021bii \u00een care folosim aceste date:\r\n\u2022 Pentru a v\u0103 putea procesa \u0219i livra pachetele;\r\n\u2022 Pentru a rezolva problemele de Retur\/Reclama\u021bii;\r\n\u2022 R\u0103spunde la \u00eentreb\u0103ri despre servicii;\r\n\u2022 Pentru a v\u0103 oferi sugestii de produse \u0219i informa\u021bii despre promo\u021bii.\r\nCe date colect\u0103m?\r\nAvestim.com colecteaz\u0103 prin intermediul formularului de contact, urm\u0103toarele date personale:\r\n\u2022 Nume;\r\n\u2022 e-mail;\r\n\u2022 telefon;\r\n\u2022 Abordare\r\nToate aceste informa\u021bii sunt stocate pentru a dezvolta proiecte software \u0219i hardware pe plan intern \u0219i\r\nla nivel interna\u021bional c\u0103tre persoane fizice \u0219i juridice.\r\n<strong>3. Cine este operatorul datelor cu caracter personal?<\/strong>\r\nAvestim.com, este operatorul datelor personale pe care ni le transmite\u021bi \u0219i pentru care suntem responsabili\r\ndatele dumneavoastr\u0103 cu caracter personal \u00een conformitate cu legisla\u021bia \u00een vigoare privind protec\u021bia datelor.\r\nAvestim.com se oblig\u0103 s\u0103 utilizeze datele clien\u021bilor exclusiv \u00een scopul pentru care au fost\r\nintrodus (colectare de informa\u021bii care ajut\u0103 la dezvoltarea intern\u0103 a proiectelor software \u0219i hardware\r\n\u0219i la nivel interna\u021bional c\u0103tre persoane fizice \u0219i juridice.). Suntem obliga\u021bi s\u0103 nu transmitem date personale c\u0103tre\r\nalte persoane juridice sau fizice \u0219i s\u0103 respecte confiden\u021bialitatea datelor. Avestim.com nu\r\n\u00eencurajeaz\u0103 SPAM-ul, nu facem schimb de adrese de e-mail ob\u021binute prin intermediul acestui site, nu facem\r\ndezv\u0103lui\u021bi adresa dvs. de e-mail altor persoane, nu le oferim adresa\/num\u0103rul de telefon sau alte date\r\nter\u021bi.\r\n<strong>4. Datele \u00eenregistrate de avestim.com nu sunt v\u00e2ndute c\u0103tre ter\u021bi \u0219i sunt folosite doar pentru<\/strong>\r\n<strong>scopul de a \u00eembun\u0103t\u0103\u021bi serviciile Avestim Software.<\/strong>\r\nCitind politicile, a\u021bi luat act de faptul c\u0103 vi se garanteaz\u0103 drepturile oferite\r\nprin regulament, \u0219i anume:\r\n\u2022 Pentru a fi informat cu privire la prelucrarea datelor dumneavoastr\u0103 cu caracter personal, articolele 13 \u0219i 14 din Regulament\r\n\u2022 Accesul la datele dumneavoastr\u0103 cu caracter personal, articolul 15 din Regulament\r\n\u2022 Rectificarea datelor dumneavoastr\u0103 cu caracter personal Articolul 16 din Regulament\r\n\u2022 \u0218tergerea (\u201edreptul de a fi uitat\u201d) a datelor cu caracter personal, articolul 17 din Regulament\r\n\u2022 Ob\u021bine\u021bi restric\u021bii de prelucrare, articolul 18 din Regulament\r\n\u2022 \u00cen ceea ce prive\u0219te portabilitatea datelor, articolul 20 din Regulament\r\n\u2022 v\u0103 opune\u021bi prelucr\u0103rii datelor dumneavoastr\u0103 cu caracter personal \u0219i solicita\u021bi rectificarea, actualizarea sau \u0219tergerea\r\na datelor \u00een condi\u021biile legii \u2013 \u00een cazul datelor cu caracter personal prelucrate pentru marketing direct\r\n\u00een scopuri, acest drept poate fi exercitat \u00een orice moment, \u00een mod gratuit \u0219i f\u0103r\u0103 justificare, articolul 21\r\na Regulamentului\r\n\u2022 s\u0103 nu fac\u0103 obiectul unei decizii automate, inclusiv crearea de profiluri \u00een articolul 22 din\r\nRegulament\r\nV\u0103 pute\u021bi exercita aceste drepturi trimi\u021b\u00e2nd un e-mail la avestim.com acces\u00e2nd formularul de contact din\r\nsec\u021biunea de contact sau pute\u021bi scrie la urm\u0103toarea adres\u0103 de e-mail: contact@avestim.com\r\n<strong>5 . Prevederi speciale pentru minori<\/strong>\r\n\r\nAvestim.com nu urm\u0103re\u0219te prelucrarea datelor cu caracter personal ale minorilor \u00een prelucrarea datelor sale\r\nActivit\u0103\u021bi. O aten\u021bie deosebit\u0103 va fi acordat\u0103 asigur\u0103rii c\u0103 orice prelucrare a datelor cu caracter personal ale minorilor\r\nse efectueaz\u0103 \u00een conformitate cu cerin\u021bele Regulamentului, articolul 8 \u0219i \u00een mod strict\r\ncazuri determinate.\r\nDe asemenea, orice persoan\u0103 care ne furnizeaz\u0103 date personale prin intermediul site-ului sau a altor aplica\u021bii sau\r\ndispozitivele acoperite de aceast\u0103 politic\u0103 garanteaz\u0103 c\u0103 sunt majore \u0219i au capacitate deplin\u0103 de exerci\u021biu.\r\nOrice colectare sau prelucrare a datelor cu caracter personal ale minorilor se va efectua numai \u00een conformitate cu\r\nlegea si tinand cont de cele de mai sus.\r\n6. <strong>Durata prelucr\u0103rii datelor<\/strong>\r\n\u00cen general, acest lucru va fi determinat de momentul exercit\u0103rii dreptului dumneavoastr\u0103 de a v\u0103 opune \u00een temeiul\r\ncondi\u0163iile art. 21 alin. 2 din Regulamentul European nr. 679\/2016. Excep\u021bie: pentru date\r\ndeclarat \u00een cadrul serviciului call center, durata prelucr\u0103rii datelor este de obicei de 3 ani, sau p\u00e2n\u0103 la\r\nexercitarea dreptului de opozitie.\r\nAve\u021bi dreptul s\u0103 v\u0103 \u00eenchide\u021bi contul \u00een orice moment sau s\u0103 solicita\u021bi \u0219tergerea datelor cu caracter personal prin\r\ne-mail la contact@avestim.com. Dac\u0103 alege\u021bi s\u0103 face\u021bi acest lucru, contul dvs. va \u00eenceta s\u0103 mai existe \u0219i dvs\r\nva fi considerat inactiv. \u00cen acest context, avestim.com nu v\u0103 va putea oferi serviciile\r\nmen\u021bionat mai sus. Vom p\u0103stra datele dumneavoastr\u0103 cu caracter personal dac\u0103 acest lucru este cerut de legea aplicabil\u0103 \u0219i dac\u0103 exist\u0103\r\neste o disput\u0103 deschis\u0103.\r\n7.<strong> Informa\u021bii suplimentare<\/strong>\r\nV\u0103 rug\u0103m s\u0103 verifica\u021bi Politica noastr\u0103 de confiden\u021bialitate de fiecare dat\u0103 c\u00e2nd utiliza\u021bi site-ul nostru pentru a ne \u021bine la curent.\r\n\u00cen urma finaliz\u0103rii opera\u021biunilor de prelucrare, datele \u00eenregistrate pot fi transferate, \u00een\r\nintegral sau par\u021bial, oric\u0103rei alte persoane juridice, \u00een conformitate cu legisla\u021bia special\u0103 \u00een vigoare,\r\ncu condi\u021bia ca acestea s\u0103 fie utilizate \u00een scopuri similare celor prev\u0103zute \u00een prezentul document.\r\nAvestim.com nu \u00ee\u0219i asum\u0103 nicio responsabilitate pentru denaturarea datelor personale cauzate de date\r\nsoftware de indexare.\r\nSubliniem c\u0103 niciun program de securitate a informa\u021biilor nu este infailibil\t\t\t\t\t\t\t\t<\/div>\n\t\t\t\t<\/div>\n\t\t\t\t\t<\/div>\n\t\t<\/div>\n\t\t\t\t\t<\/div>\n\t\t<\/section>\n\t\t\t\t<\/div>\n\t\t","protected":false},"excerpt":{"rendered":"<p>Politica de confiden\u021bialitate Politica de confiden\u021bialitate privind datele personale &#8211; Avertisment Avestim, prin intermediul site-ului avestim.com, se angajeaz\u0103 s\u0103 v\u0103 respecte confiden\u021bialitatea. Lu\u0103m date protectia, securitatea si respectarea legislatiei privind protectia datelor cu caracter personal si confiden\u021bialitate serios. Aceast\u0103 politic\u0103 se aplic\u0103 tuturor dispozitivelor utilizate pentru accesarea site-ului avestim.com, smartphone-urilor \u0219i tabletelor. Dac\u0103 nu sunte\u021bi [&hellip;]<\/p>\n","protected":false},"author":2,"featured_media":0,"parent":0,"menu_order":0,"comment_status":"closed","ping_status":"closed","template":"","meta":{"site-sidebar-layout":"no-sidebar","site-content-layout":"page-builder","ast-site-content-layout":"default","site-content-style":"default","site-sidebar-style":"default","ast-global-header-display":"","ast-banner-title-visibility":"","ast-main-header-display":"","ast-hfb-above-header-display":"","ast-hfb-below-header-display":"","ast-hfb-mobile-header-display":"","site-post-title":"disabled","ast-breadcrumbs-content":"","ast-featured-img":"disabled","footer-sml-layout":"","ast-disable-related-posts":"","theme-transparent-header-meta":"","adv-header-id-meta":"","stick-header-meta":"","header-above-stick-meta":"","header-main-stick-meta":"","header-below-stick-meta":"","astra-migrate-meta-layouts":"default","ast-page-background-enabled":"default","ast-page-background-meta":{"desktop":{"background-color":"","background-image":"","background-repeat":"repeat","background-position":"center center","background-size":"auto","background-attachment":"scroll","background-type":"","background-media":"","overlay-type":"","overlay-color":"","overlay-opacity":"","overlay-gradient":""},"tablet":{"background-color":"","background-image":"","background-repeat":"repeat","background-position":"center center","background-size":"auto","background-attachment":"scroll","background-type":"","background-media":"","overlay-type":"","overlay-color":"","overlay-opacity":"","overlay-gradient":""},"mobile":{"background-color":"","background-image":"","background-repeat":"repeat","background-position":"center center","background-size":"auto","background-attachment":"scroll","background-type":"","background-media":"","overlay-type":"","overlay-color":"","overlay-opacity":"","overlay-gradient":""}},"ast-content-background-meta":{"desktop":{"background-color":"var(--ast-global-color-5)","background-image":"","background-repeat":"repeat","background-position":"center center","background-size":"auto","background-attachment":"scroll","background-type":"","background-media":"","overlay-type":"","overlay-color":"","overlay-opacity":"","overlay-gradient":""},"tablet":{"background-color":"var(--ast-global-color-5)","background-image":"","background-repeat":"repeat","background-position":"center center","background-size":"auto","background-attachment":"scroll","background-type":"","background-media":"","overlay-type":"","overlay-color":"","overlay-opacity":"","overlay-gradient":""},"mobile":{"background-color":"var(--ast-global-color-5)","background-image":"","background-repeat":"repeat","background-position":"center center","background-size":"auto","background-attachment":"scroll","background-type":"","background-media":"","overlay-type":"","overlay-color":"","overlay-opacity":"","overlay-gradient":""}},"footnotes":""},"class_list":["post-1592","page","type-page","status-publish","hentry"],"aioseo_notices":[],"_links":{"self":[{"href":"https:\/\/avestim.com\/ro\/wp-json\/wp\/v2\/pages\/1592","targetHints":{"allow":["GET"]}}],"collection":[{"href":"https:\/\/avestim.com\/ro\/wp-json\/wp\/v2\/pages"}],"about":[{"href":"https:\/\/avestim.com\/ro\/wp-json\/wp\/v2\/types\/page"}],"author":[{"embeddable":true,"href":"https:\/\/avestim.com\/ro\/wp-json\/wp\/v2\/users\/2"}],"replies":[{"embeddable":true,"href":"https:\/\/avestim.com\/ro\/wp-json\/wp\/v2\/comments?post=1592"}],"version-history":[{"count":1,"href":"https:\/\/avestim.com\/ro\/wp-json\/wp\/v2\/pages\/1592\/revisions"}],"predecessor-version":[{"id":1593,"href":"https:\/\/avestim.com\/ro\/wp-json\/wp\/v2\/pages\/1592\/revisions\/1593"}],"wp:attachment":[{"href":"https:\/\/avestim.com\/ro\/wp-json\/wp\/v2\/media?parent=1592"}],"curies":[{"name":"wp","href":"https:\/\/api.w.org\/{rel}","templated":true}]}}