{"id":1594,"date":"2022-05-13T08:22:56","date_gmt":"2022-05-13T08:22:56","guid":{"rendered":"https:\/\/avestim.com\/termeni-si-conditii\/"},"modified":"2022-05-20T09:31:10","modified_gmt":"2022-05-20T09:31:10","slug":"termeni-si-conditii","status":"publish","type":"page","link":"https:\/\/avestim.com\/ro\/termeni-si-conditii\/","title":{"rendered":"Termeni \u015fi condi\u0163ii"},"content":{"rendered":"\t\t<div data-elementor-type=\"wp-page\" data-elementor-id=\"1594\" class=\"elementor elementor-1594 elementor-1177\" data-elementor-post-type=\"page\">\n\t\t\t\t\t\t<section class=\"elementor-section elementor-top-section elementor-element elementor-element-6571f76 elementor-section-boxed elementor-section-height-default elementor-section-height-default\" data-id=\"6571f76\" data-element_type=\"section\" data-e-type=\"section\" data-settings=\"{&quot;background_background&quot;:&quot;classic&quot;}\">\n\t\t\t\t\t\t<div class=\"elementor-container elementor-column-gap-default\">\n\t\t\t\t\t<div class=\"elementor-column elementor-col-100 elementor-top-column elementor-element elementor-element-e5e4d18\" data-id=\"e5e4d18\" data-element_type=\"column\" data-e-type=\"column\">\n\t\t\t<div class=\"elementor-widget-wrap elementor-element-populated\">\n\t\t\t\t\t\t<div class=\"elementor-element elementor-element-1ce48f0 elementor-widget elementor-widget-text-editor\" data-id=\"1ce48f0\" data-element_type=\"widget\" data-e-type=\"widget\" data-widget_type=\"text-editor.default\">\n\t\t\t\t<div class=\"elementor-widget-container\">\n\t\t\t\t\t\t\t\t\tConditii generale de utilizare a site-ului www.avestim.com\r\n<strong>INTRODUCERE<\/strong>\r\nAceste Conditii Generale definesc conditiile de utilizare a site-ului www.avestim.com dupa potential\r\nvizitatori sau clien\u021bi. Prin accesarea \u0219i navigarea pe acest site, sunte\u021bi de acord cu termenii de utilizare descri\u0219i\r\nde mai jos.\r\n<strong>DREPTURILE ASUPRA CON\u021aINUTULUI SITE-ULUI<\/strong>\r\nSC Avestim Software SRL (denumit\u0103 \u00een continuare Avestim), nu va transfera titlul de proprietate asupra software-ului\r\naplicatii.\r\nAvestim de\u021bine drepturile complete \u0219i complete asupra titlului \u0219i, prin urmare, toate drepturile de autor \u0219i brevetele. Tu nu po\u021bi\r\nredistribui\u021bi, vinde\u021bi, decompila\u021bi, dezasambla\u021bi software-ul \u00eentr-o form\u0103 care este perceptibil\u0103 de oameni.\r\nToate informa\u021biile, produsele sau aplica\u021biile con\u021binute \u00een acest site sunt proprietatea Avestim, care\r\nisi rezerva dreptul de a modifica continutul si\/sau structura site-ului in orice moment si fara prealabil\r\n\u00een\u0219tiin\u021bare.\r\n\u00centregul con\u021binut al site-ului www.avestim.com este protejat de legea dreptului de autor, toate drepturile rezervate.\r\nToate drepturile privind paginile, con\u021binutul \u0219i prezentarea site-ului sunt de\u021binute de Avestim. Este\r\neste interzis\u0103 copierea, modificarea, afi\u0219area, distribuirea, transmiterea, publicarea, comercializarea, licen\u021biarea, crearea unui derivat\r\nlucreaz\u0103 sau folose\u0219te con\u021binutul site-ului \u00een orice scop f\u0103r\u0103 confirmarea scris\u0103 din partea Avestim.\r\nAccesul \u0219i utilizarea paginii https:\/\/avestim.com sunt gratuite \u0219i au scopul de a ajuta utilizatorii s\u0103 g\u0103seasc\u0103\r\ninformatiile necesare in cel mai usor si rapid mod posibil, conform cerintelor fiecaruia.\r\n<strong>RENUN\u021aAREA RESPONSABILIT\u0102\u021aII<\/strong>\r\nCon\u021binutul informa\u021biilor se refer\u0103 la descrierea \u00eentr-un anumit grad de detaliu a activit\u0103\u021bilor,\r\nprodusele si serviciile Avestim. Avestim Software nu ofer\u0103 nicio garan\u021bie cu privire la:\r\n&#8211; evitarea utilizarii dificile sau intreruperii in utilizare a site-ului;\r\n&#8211; afectarea nenegativ\u0103 a altor sisteme prin utilizarea site-ului;\r\n&#8211; absen\u021ba pe site a viru\u0219ilor sau a altor componente care ar putea d\u0103una utilizatorilor.\r\nAstfel, Avestim nu poate fi tras\u0103 la r\u0103spundere pentru nicio daune directe sau indirecte cauzate de utilizarea site-ului s\u0103u.\r\nToate informatiile prezentate pe site cu privire la produsele personalizate, preturi, informatii,\r\ncampaniile si promotiile de marketing, aspectele tehnice, sunt prezentate in scop informativ.\r\nNimic din con\u021binutul site-ului www.avestim.com nu poate constitui o ofert\u0103 ferm\u0103 de a contracta \u0219i\r\nnu poate angaja responsabilitatea Avestim \u00een lipsa unor acorduri ulterioare.\r\nCon\u021binutul site-ului web al comunit\u0103\u021bii DPO, al informa\u021biilor \u0219i altor materiale prezentate o face\r\nnu reprezint\u0103 o consultare juridic\u0103 \u00een sensul Legii nr. 51\/1995.\r\n<strong>OBIECTIVUL CON\u021aINUTULUI SITE-ULUI<\/strong>\r\nScopul con\u021binutului site-ului este de a oferi informa\u021bii actualizate \u0219i exacte.\r\nAvestim nu poate garanta c\u0103 aceste pagini nu con\u021bin erori \u0219i asigur\u0103 c\u0103 va face fiecare\r\nefort de a asigura o informare corect\u0103 \u0219i de a remedia eventualele erori.\r\nOricine dore\u0219te s\u0103 achizi\u021bioneze unul dintre serviciile sau produsele prezentate pe site este rugat s\u0103 contacteze\r\nAvestim Software prin unul dintre mijloacele afi\u0219ate pe pagina de Contact a site-ului, pentru a afla\r\natat disponibilitatea serviciului sau produsului in cauza cat si asupra conditiilor contractuale, tarifelor\r\n\u0219i informa\u021bii tehnice sau de alt\u0103 natur\u0103.\r\n<strong>INFORMATII PERSONALE<\/strong>\r\nAtunci c\u00e2nd vi se solicit\u0103 informa\u021bii prin intermediul acestui site, acesta are scopul de a v\u0103 identifica sau de a contacta\r\ntu. Acest lucru este cu at\u00e2t mai necesar c\u00e2nd se utilizeaz\u0103 aplica\u021biile disponibile pe site.\r\nNatura informa\u021biilor solicitate se refer\u0103 \u00een special la datele personale (nume, adres\u0103,\r\nnumere de telefon), adresa de e-mail, modul \u00een care sunt utilizate produsele \u0219i\/sau serviciile Avestim Software sau\r\ndestinat a fi utilizat, dar poate include \u0219i alte informa\u021bii. str\u00e2ns legat\u0103 de utilizarea\r\nserviciile si\/sau produsele solicitate.\r\nPentru a r\u0103spunde mai bine nevoilor \u0219i \u00eentreb\u0103rilor utilizatorilor site-ului, informa\u021biile solicitate\r\nprin intermediul acestui site vor fi supuse stoc\u0103rii \u0219i proces\u0103rii electronice.\r\n<strong>COMUNICARE CU VIZITATORII SITE-ULUI<\/strong>\r\n\r\nMetodele prin care vizitatorii site-ului ini\u021biaz\u0103 contactul cu noi sunt: \u200b\u200bchat online, adresa de e-mail,\r\nnumar de telefon, formulare prezente pe site.\r\nAcest contact are loc pentru a solicita informa\u021bii despre produsele noastre, pentru a ne solicita oferte de pre\u021b, pentru a\r\nconsulta\u021bi-ne opinia pe diverse teme, pentru a beneficia de serviciile noastre, pentru a facilita procesul de plat\u0103.\r\nConsider\u0103m c\u0103 ini\u021bierea contactului de c\u0103tre dumneavoastr\u0103 reprezint\u0103\/reprezent\u0103 consim\u021b\u0103m\u00e2ntul dumneavoastr\u0103 a primit r\u0103spuns\r\n\u00eenapoi, pentru a primi informa\u021biile, pentru a primi detalii de plat\u0103 sau orice informa\u021bie solicitat\u0103.\r\n\u00cen urma comunic\u0103rii ini\u021biale, Avestim Software stabile\u0219te ca interes legitim\r\nposibilitatea de a trimite \u0219i comunica informa\u021bii suplimentare, relevante pentru solicitarea dumneavoastr\u0103, f\u0103r\u0103 a avea\r\ncaracterul unui buletin informativ. Aceste informa\u021bii pot ap\u0103rea ca urmare a \u00eembun\u0103t\u0103\u021birii noastre\r\nproduse, lansarea de noi produse care iti vin in ajutor sau aspecte legate de subiectul discutat.\r\n\u00cen acest sens, Avestim Software a stabilit un timp rezonabil de procesare de 18 luni de la data de\r\ninitierea comunicarii.\r\n<strong>LINK CU ALTE SITE-URI<\/strong>\r\nAcest site poate con\u021bine link-uri sau link-uri c\u0103tre alte site-uri pe care Avestim Software le consider\u0103 utile \u00een leg\u0103tur\u0103\r\ncu con\u021binutul site-ului s\u0103u \u0219i care nu se afl\u0103 sub controlul sau \u00eendrumarea acestuia. \u00cen cazul utiliz\u0103rii de\r\naceste link-uri sau referin\u021be, se vor aplica condi\u021biile generale de utilizare corespunz\u0103toare acelor site-uri.\r\nAvestim nu poate garanta \/ controla actualitatea \/ acurate\u021bea informa\u021biilor prezente pe\r\nsite-uri web ale ter\u021bilor, la care se face referire de pe site-ul s\u0103u.\r\n<strong>INFORMA\u021aII FURNIZATE PRIN SITE<\/strong>\r\nOrice persoan\u0103 care viziteaz\u0103 site-ul www.avestim.com \u0219i care furnizeaz\u0103 date sau informa\u021bii personale\r\nprin acest site este de acord \u00een mod expres \u0219i neechivoc cu urm\u0103toarele: prelucrarea acestor date\r\n\u0219i informa\u021bii personale de c\u0103tre Avestim \u00een vederea efectu\u0103rii de studii de pia\u021b\u0103; transmiterea de\r\nmateriale promotionale specifice operatiunilor de marketing direct; decontarea de c\u0103tre Avestim a\r\ncereri, intrebari si reclamatii adresate (vezi pagina de Contact a site-ului); alte activit\u0103\u021bi\r\n\u00eentreprinse de Avestim \u0219i permise de lege, care nu sunt supuse aprob\u0103rii destinatarului.\r\nAvestim va p\u0103stra confiden\u021bialitatea acestor informa\u021bii.\r\nUtilizarea \u00een continuare a acestui site constituie consim\u021b\u0103m\u00e2ntul dumneavoastr\u0103 expres \u0219i neechivoc \u00een conformitate cu\r\ndirectivele GDPR pentru protec\u021bia persoanelor cu privire la prelucrarea datelor cu caracter personal\r\n\u0219i privind libera circula\u021bie a acestor date.\r\nPentru orice \u00eentreb\u0103ri referitoare la exercitarea drepturilor dumneavoastr\u0103 privind utilizarea site-ului \u0219i a\r\nprotec\u021bia utiliz\u0103rii, v\u0103 rug\u0103m s\u0103 ne contacta\u021bi prin sec\u021biunea Contact a site-ului\t\t\t\t\t\t\t\t<\/div>\n\t\t\t\t<\/div>\n\t\t\t\t\t<\/div>\n\t\t<\/div>\n\t\t\t\t\t<\/div>\n\t\t<\/section>\n\t\t\t\t<\/div>\n\t\t","protected":false},"excerpt":{"rendered":"<p>Conditii generale de utilizare a site-ului www.avestim.com INTRODUCERE Aceste Conditii Generale definesc conditiile de utilizare a site-ului www.avestim.com dupa potential vizitatori sau clien\u021bi. Prin accesarea \u0219i navigarea pe acest site, sunte\u021bi de acord cu termenii de utilizare descri\u0219i de mai jos. DREPTURILE ASUPRA CON\u021aINUTULUI SITE-ULUI SC Avestim Software SRL (denumit\u0103 \u00een continuare Avestim), nu va [&hellip;]<\/p>\n","protected":false},"author":2,"featured_media":0,"parent":0,"menu_order":0,"comment_status":"closed","ping_status":"closed","template":"","meta":{"site-sidebar-layout":"no-sidebar","site-content-layout":"page-builder","ast-site-content-layout":"default","site-content-style":"default","site-sidebar-style":"default","ast-global-header-display":"","ast-banner-title-visibility":"","ast-main-header-display":"","ast-hfb-above-header-display":"","ast-hfb-below-header-display":"","ast-hfb-mobile-header-display":"","site-post-title":"disabled","ast-breadcrumbs-content":"","ast-featured-img":"disabled","footer-sml-layout":"","ast-disable-related-posts":"","theme-transparent-header-meta":"","adv-header-id-meta":"","stick-header-meta":"","header-above-stick-meta":"","header-main-stick-meta":"","header-below-stick-meta":"","astra-migrate-meta-layouts":"default","ast-page-background-enabled":"default","ast-page-background-meta":{"desktop":{"background-color":"","background-image":"","background-repeat":"repeat","background-position":"center center","background-size":"auto","background-attachment":"scroll","background-type":"","background-media":"","overlay-type":"","overlay-color":"","overlay-opacity":"","overlay-gradient":""},"tablet":{"background-color":"","background-image":"","background-repeat":"repeat","background-position":"center center","background-size":"auto","background-attachment":"scroll","background-type":"","background-media":"","overlay-type":"","overlay-color":"","overlay-opacity":"","overlay-gradient":""},"mobile":{"background-color":"","background-image":"","background-repeat":"repeat","background-position":"center center","background-size":"auto","background-attachment":"scroll","background-type":"","background-media":"","overlay-type":"","overlay-color":"","overlay-opacity":"","overlay-gradient":""}},"ast-content-background-meta":{"desktop":{"background-color":"var(--ast-global-color-5)","background-image":"","background-repeat":"repeat","background-position":"center center","background-size":"auto","background-attachment":"scroll","background-type":"","background-media":"","overlay-type":"","overlay-color":"","overlay-opacity":"","overlay-gradient":""},"tablet":{"background-color":"var(--ast-global-color-5)","background-image":"","background-repeat":"repeat","background-position":"center center","background-size":"auto","background-attachment":"scroll","background-type":"","background-media":"","overlay-type":"","overlay-color":"","overlay-opacity":"","overlay-gradient":""},"mobile":{"background-color":"var(--ast-global-color-5)","background-image":"","background-repeat":"repeat","background-position":"center center","background-size":"auto","background-attachment":"scroll","background-type":"","background-media":"","overlay-type":"","overlay-color":"","overlay-opacity":"","overlay-gradient":""}},"footnotes":""},"class_list":["post-1594","page","type-page","status-publish","hentry"],"aioseo_notices":[],"_links":{"self":[{"href":"https:\/\/avestim.com\/ro\/wp-json\/wp\/v2\/pages\/1594","targetHints":{"allow":["GET"]}}],"collection":[{"href":"https:\/\/avestim.com\/ro\/wp-json\/wp\/v2\/pages"}],"about":[{"href":"https:\/\/avestim.com\/ro\/wp-json\/wp\/v2\/types\/page"}],"author":[{"embeddable":true,"href":"https:\/\/avestim.com\/ro\/wp-json\/wp\/v2\/users\/2"}],"replies":[{"embeddable":true,"href":"https:\/\/avestim.com\/ro\/wp-json\/wp\/v2\/comments?post=1594"}],"version-history":[{"count":1,"href":"https:\/\/avestim.com\/ro\/wp-json\/wp\/v2\/pages\/1594\/revisions"}],"predecessor-version":[{"id":1595,"href":"https:\/\/avestim.com\/ro\/wp-json\/wp\/v2\/pages\/1594\/revisions\/1595"}],"wp:attachment":[{"href":"https:\/\/avestim.com\/ro\/wp-json\/wp\/v2\/media?parent=1594"}],"curies":[{"name":"wp","href":"https:\/\/api.w.org\/{rel}","templated":true}]}}